{"id":11456,"date":"2020-02-02T15:11:14","date_gmt":"2020-02-02T14:11:14","guid":{"rendered":"https:\/\/vezendi.com\/post-tenebras-lux\/"},"modified":"2020-02-02T15:15:16","modified_gmt":"2020-02-02T14:15:16","slug":"post-tenebras-lux","status":"publish","type":"page","link":"https:\/\/vezendi.com\/es\/libros\/post-tenebras-lux\/","title":{"rendered":"POST TENEBRAS LUX"},"content":{"rendered":"<h1 style=\"text-align: center;\"><strong>POST TENEBRAS LUX<\/strong><\/h1>\n<h3><strong><em>Post Tenebras Lux<\/em> , la version fran\u00e7aise de mon premier livre est d\u00e9j\u00e0 disponible sur <a href=\"https:\/\/amazon.com\/author\/alberto.vezendi\" target=\"_blank\" rel=\"noopener noreferrer\">Amazon<\/a> , <a href=\"https:\/\/www.kobo.com\/search?query=alberto+vezendi\" target=\"_blank\" rel=\"noopener noreferrer\">Kobo<\/a> et <a href=\"https:\/\/play.google.com\/store\/books\/author?id=Alberto+Vezendi\" target=\"_blank\" rel=\"noopener noreferrer\">Google Play<\/a> en format broch\u00e9 et livre \u00e9lectronique.<\/strong><\/h3>\n<div id=\"attachment_11366\" style=\"width: 460px\" class=\"wp-caption aligncenter\"><a href=\"https:\/\/amazon.com\/author\/alberto.vezendi\" target=\"_blank\" rel=\"noopener noreferrer\"><img data-recalc-dims=\"1\" loading=\"lazy\" decoding=\"async\" aria-describedby=\"caption-attachment-11366\" class=\"wp-image-11366 \" src=\"https:\/\/i0.wp.com\/vezendi.com\/wp-content\/uploads\/2020\/01\/2020_01-Lux-Cover-enhanced-640x1024.jpg?resize=450%2C720&#038;ssl=1\" alt=\"Post Tenebras Lux _ ebook cover\" width=\"450\" height=\"720\" srcset=\"https:\/\/i0.wp.com\/vezendi.com\/wp-content\/uploads\/2020\/01\/2020_01-Lux-Cover-enhanced-scaled.jpg?resize=640%2C1024&amp;ssl=1 640w, https:\/\/i0.wp.com\/vezendi.com\/wp-content\/uploads\/2020\/01\/2020_01-Lux-Cover-enhanced-scaled.jpg?resize=188%2C300&amp;ssl=1 188w, https:\/\/i0.wp.com\/vezendi.com\/wp-content\/uploads\/2020\/01\/2020_01-Lux-Cover-enhanced-scaled.jpg?resize=768%2C1229&amp;ssl=1 768w, https:\/\/i0.wp.com\/vezendi.com\/wp-content\/uploads\/2020\/01\/2020_01-Lux-Cover-enhanced-scaled.jpg?resize=960%2C1536&amp;ssl=1 960w, https:\/\/i0.wp.com\/vezendi.com\/wp-content\/uploads\/2020\/01\/2020_01-Lux-Cover-enhanced-scaled.jpg?resize=1280%2C2048&amp;ssl=1 1280w, https:\/\/i0.wp.com\/vezendi.com\/wp-content\/uploads\/2020\/01\/2020_01-Lux-Cover-enhanced-scaled.jpg?resize=300%2C480&amp;ssl=1 300w, https:\/\/i0.wp.com\/vezendi.com\/wp-content\/uploads\/2020\/01\/2020_01-Lux-Cover-enhanced-scaled.jpg?resize=600%2C960&amp;ssl=1 600w, https:\/\/i0.wp.com\/vezendi.com\/wp-content\/uploads\/2020\/01\/2020_01-Lux-Cover-enhanced-scaled.jpg?w=1600&amp;ssl=1 1600w\" sizes=\"auto, (max-width: 450px) 100vw, 450px\" \/><\/a><p id=\"caption-attachment-11366\" class=\"wp-caption-text\">Post Tenebras Lux _ ebook cover<\/p><\/div>\n<blockquote><p><em>Ce livre se veut le porteur d&#8217;un message d&#8217;espoir : qu&#8217;une vie meilleure est possible, quelle que soit votre situation, et que vous avez d\u00e9j\u00e0 tout ce dont vous avez besoin pour la vivre. Tout est en vous.<\/em><\/p>\n<p><em>On entre en anorexie comme on entre en religion. Il faut s\u2019y donner corps et \u00e2me, toujours faire plus pour satisfaire l\u2019ogre qui est en nous, sans jamais y parvenir. Toujours plus maigre, co\u00fbte que co\u00fbte, telle est sa devise.<\/em><\/p>\n<p><em>Puis un jour, dans un \u00e9tat proche du suicide, apr\u00e8s des ann\u00e9es de souffrances inutiles, le cerveau ressent un d\u00e9clic miraculeux\u00a0: \u00ab\u00a0Arr\u00eate\u00a0! Tu vas mourir\u00a0!\u00a0\u00bb Commence alors le long chemin vers une lumi\u00e8re diff\u00e9rente, sa propre lumi\u00e8re.<\/em><\/p>\n<p><em>C\u2019est ce parcours que l\u2019auteur nous conte, sans pathos et avec r\u00e9alisme, en d\u00e9crivant pr\u00e9cis\u00e9ment les \u00e9tapes, le cheminement de la pens\u00e9e, la lente descente aux enfers, le refus de la vie, puis la r\u00e9surrection. L\u2019auteur veut partager cette renaissance car il la sait d\u00e9sormais possible pour tous. Comment\u00a0? En regardant les choses diff\u00e9remment, en leur donnant un autre angle, tout est en nous.<\/em><\/p><\/blockquote>\n","protected":false},"excerpt":{"rendered":"<p>POST TENEBRAS LUX Post Tenebras Lux , la version fran\u00e7aise de mon premier livre est d\u00e9j\u00e0 disponible sur Amazon , Kobo et Google Play en format broch\u00e9 et livre \u00e9lectronique. Ce livre se veut le porteur d&#8217;un message d&#8217;espoir : qu&#8217;une vie meilleure est possible, quelle que soit votre situation, et que vous avez d\u00e9j\u00e0<\/p>\n<p class=\"more-link\"><a href=\"https:\/\/vezendi.com\/es\/libros\/post-tenebras-lux\/\" class=\"themebutton\">Sigue leyendo<\/a><\/p>\n","protected":false},"author":1,"featured_media":11367,"parent":4762,"menu_order":0,"comment_status":"closed","ping_status":"closed","template":"","meta":{"jetpack_post_was_ever_published":false,"footnotes":""},"class_list":["post-11456","page","type-page","status-publish","has-post-thumbnail","hentry"],"yoast_head":"<!-- This site is optimized with the Yoast SEO plugin v22.7 - https:\/\/yoast.com\/wordpress\/plugins\/seo\/ -->\n<title>POST TENEBRAS LUX - VEZENDI<\/title>\n<meta name=\"robots\" content=\"index, follow, max-snippet:-1, max-image-preview:large, max-video-preview:-1\" \/>\n<link rel=\"canonical\" href=\"https:\/\/vezendi.com\/es\/libros\/post-tenebras-lux\/\" \/>\n<meta property=\"og:locale\" content=\"es_ES\" \/>\n<meta property=\"og:type\" content=\"article\" \/>\n<meta property=\"og:title\" content=\"POST TENEBRAS LUX - VEZENDI\" \/>\n<meta property=\"og:description\" content=\"POST TENEBRAS LUX Post Tenebras Lux , la version fran\u00e7aise de mon premier livre est d\u00e9j\u00e0 disponible sur Amazon , Kobo et Google Play en format broch\u00e9 et livre \u00e9lectronique. Ce livre se veut le porteur d&#8217;un message d&#8217;espoir : qu&#8217;une vie meilleure est possible, quelle que soit votre situation, et que vous avez d\u00e9j\u00e0Sigue leyendo\" \/>\n<meta property=\"og:url\" content=\"https:\/\/vezendi.com\/es\/libros\/post-tenebras-lux\/\" \/>\n<meta property=\"og:site_name\" content=\"VEZENDI\" \/>\n<meta property=\"article:publisher\" content=\"https:\/\/www.facebook.com\/VezendiBooks\" \/>\n<meta property=\"article:modified_time\" content=\"2020-02-02T14:15:16+00:00\" \/>\n<meta property=\"og:image\" content=\"https:\/\/vezendi.com\/wp-content\/uploads\/2020\/01\/2020_01-Lux-Cover-enhanced-640x1024.jpg\" \/>\n\t<meta property=\"og:image:width\" content=\"640\" \/>\n\t<meta property=\"og:image:height\" content=\"1024\" \/>\n\t<meta property=\"og:image:type\" content=\"image\/jpeg\" \/>\n<meta name=\"twitter:card\" content=\"summary_large_image\" \/>\n<meta name=\"twitter:site\" content=\"@AVezendi\" \/>\n<meta name=\"twitter:label1\" content=\"Tiempo de lectura\" \/>\n\t<meta name=\"twitter:data1\" content=\"1 minuto\" \/>\n<script type=\"application\/ld+json\" class=\"yoast-schema-graph\">{\"@context\":\"https:\/\/schema.org\",\"@graph\":[{\"@type\":\"WebPage\",\"@id\":\"https:\/\/vezendi.com\/es\/libros\/post-tenebras-lux\/\",\"url\":\"https:\/\/vezendi.com\/es\/libros\/post-tenebras-lux\/\",\"name\":\"POST TENEBRAS LUX - VEZENDI\",\"isPartOf\":{\"@id\":\"https:\/\/aliceblue-seahorse-584180.hostingersite.com\/#website\"},\"primaryImageOfPage\":{\"@id\":\"https:\/\/vezendi.com\/es\/libros\/post-tenebras-lux\/#primaryimage\"},\"image\":{\"@id\":\"https:\/\/vezendi.com\/es\/libros\/post-tenebras-lux\/#primaryimage\"},\"thumbnailUrl\":\"https:\/\/i0.wp.com\/vezendi.com\/wp-content\/uploads\/2020\/01\/2020_01-Lux-Cover-enhanced.jpg?fit=1600%2C2560&ssl=1\",\"datePublished\":\"2020-02-02T14:11:14+00:00\",\"dateModified\":\"2020-02-02T14:15:16+00:00\",\"breadcrumb\":{\"@id\":\"https:\/\/vezendi.com\/es\/libros\/post-tenebras-lux\/#breadcrumb\"},\"inLanguage\":\"es\",\"potentialAction\":[{\"@type\":\"ReadAction\",\"target\":[\"https:\/\/vezendi.com\/es\/libros\/post-tenebras-lux\/\"]}]},{\"@type\":\"ImageObject\",\"inLanguage\":\"es\",\"@id\":\"https:\/\/vezendi.com\/es\/libros\/post-tenebras-lux\/#primaryimage\",\"url\":\"https:\/\/i0.wp.com\/vezendi.com\/wp-content\/uploads\/2020\/01\/2020_01-Lux-Cover-enhanced.jpg?fit=1600%2C2560&ssl=1\",\"contentUrl\":\"https:\/\/i0.wp.com\/vezendi.com\/wp-content\/uploads\/2020\/01\/2020_01-Lux-Cover-enhanced.jpg?fit=1600%2C2560&ssl=1\",\"width\":1600,\"height\":2560,\"caption\":\"Post Tenebras Lux _ ebook cover\"},{\"@type\":\"BreadcrumbList\",\"@id\":\"https:\/\/vezendi.com\/es\/libros\/post-tenebras-lux\/#breadcrumb\",\"itemListElement\":[{\"@type\":\"ListItem\",\"position\":1,\"name\":\"Portada\",\"item\":\"https:\/\/aliceblue-seahorse-584180.hostingersite.com\/\"},{\"@type\":\"ListItem\",\"position\":2,\"name\":\"LIBROS\",\"item\":\"https:\/\/vezendi.com\/es\/libros\/\"},{\"@type\":\"ListItem\",\"position\":3,\"name\":\"POST TENEBRAS LUX\"}]},{\"@type\":\"WebSite\",\"@id\":\"https:\/\/aliceblue-seahorse-584180.hostingersite.com\/#website\",\"url\":\"https:\/\/aliceblue-seahorse-584180.hostingersite.com\/\",\"name\":\"VEZENDI\",\"description\":\"Share the freedom!\",\"potentialAction\":[{\"@type\":\"SearchAction\",\"target\":{\"@type\":\"EntryPoint\",\"urlTemplate\":\"https:\/\/aliceblue-seahorse-584180.hostingersite.com\/?s={search_term_string}\"},\"query-input\":\"required name=search_term_string\"}],\"inLanguage\":\"es\"}]}<\/script>\n<!-- \/ Yoast SEO plugin. -->","yoast_head_json":{"title":"POST TENEBRAS LUX - VEZENDI","robots":{"index":"index","follow":"follow","max-snippet":"max-snippet:-1","max-image-preview":"max-image-preview:large","max-video-preview":"max-video-preview:-1"},"canonical":"https:\/\/vezendi.com\/es\/libros\/post-tenebras-lux\/","og_locale":"es_ES","og_type":"article","og_title":"POST TENEBRAS LUX - VEZENDI","og_description":"POST TENEBRAS LUX Post Tenebras Lux , la version fran\u00e7aise de mon premier livre est d\u00e9j\u00e0 disponible sur Amazon , Kobo et Google Play en format broch\u00e9 et livre \u00e9lectronique. Ce livre se veut le porteur d&#8217;un message d&#8217;espoir : qu&#8217;une vie meilleure est possible, quelle que soit votre situation, et que vous avez d\u00e9j\u00e0Sigue leyendo","og_url":"https:\/\/vezendi.com\/es\/libros\/post-tenebras-lux\/","og_site_name":"VEZENDI","article_publisher":"https:\/\/www.facebook.com\/VezendiBooks","article_modified_time":"2020-02-02T14:15:16+00:00","og_image":[{"width":640,"height":1024,"url":"https:\/\/vezendi.com\/wp-content\/uploads\/2020\/01\/2020_01-Lux-Cover-enhanced-640x1024.jpg","type":"image\/jpeg"}],"twitter_card":"summary_large_image","twitter_site":"@AVezendi","twitter_misc":{"Tiempo de lectura":"1 minuto"},"schema":{"@context":"https:\/\/schema.org","@graph":[{"@type":"WebPage","@id":"https:\/\/vezendi.com\/es\/libros\/post-tenebras-lux\/","url":"https:\/\/vezendi.com\/es\/libros\/post-tenebras-lux\/","name":"POST TENEBRAS LUX - VEZENDI","isPartOf":{"@id":"https:\/\/aliceblue-seahorse-584180.hostingersite.com\/#website"},"primaryImageOfPage":{"@id":"https:\/\/vezendi.com\/es\/libros\/post-tenebras-lux\/#primaryimage"},"image":{"@id":"https:\/\/vezendi.com\/es\/libros\/post-tenebras-lux\/#primaryimage"},"thumbnailUrl":"https:\/\/i0.wp.com\/vezendi.com\/wp-content\/uploads\/2020\/01\/2020_01-Lux-Cover-enhanced.jpg?fit=1600%2C2560&ssl=1","datePublished":"2020-02-02T14:11:14+00:00","dateModified":"2020-02-02T14:15:16+00:00","breadcrumb":{"@id":"https:\/\/vezendi.com\/es\/libros\/post-tenebras-lux\/#breadcrumb"},"inLanguage":"es","potentialAction":[{"@type":"ReadAction","target":["https:\/\/vezendi.com\/es\/libros\/post-tenebras-lux\/"]}]},{"@type":"ImageObject","inLanguage":"es","@id":"https:\/\/vezendi.com\/es\/libros\/post-tenebras-lux\/#primaryimage","url":"https:\/\/i0.wp.com\/vezendi.com\/wp-content\/uploads\/2020\/01\/2020_01-Lux-Cover-enhanced.jpg?fit=1600%2C2560&ssl=1","contentUrl":"https:\/\/i0.wp.com\/vezendi.com\/wp-content\/uploads\/2020\/01\/2020_01-Lux-Cover-enhanced.jpg?fit=1600%2C2560&ssl=1","width":1600,"height":2560,"caption":"Post Tenebras Lux _ ebook cover"},{"@type":"BreadcrumbList","@id":"https:\/\/vezendi.com\/es\/libros\/post-tenebras-lux\/#breadcrumb","itemListElement":[{"@type":"ListItem","position":1,"name":"Portada","item":"https:\/\/aliceblue-seahorse-584180.hostingersite.com\/"},{"@type":"ListItem","position":2,"name":"LIBROS","item":"https:\/\/vezendi.com\/es\/libros\/"},{"@type":"ListItem","position":3,"name":"POST TENEBRAS LUX"}]},{"@type":"WebSite","@id":"https:\/\/aliceblue-seahorse-584180.hostingersite.com\/#website","url":"https:\/\/aliceblue-seahorse-584180.hostingersite.com\/","name":"VEZENDI","description":"Share the freedom!","potentialAction":[{"@type":"SearchAction","target":{"@type":"EntryPoint","urlTemplate":"https:\/\/aliceblue-seahorse-584180.hostingersite.com\/?s={search_term_string}"},"query-input":"required name=search_term_string"}],"inLanguage":"es"}]}},"jetpack_sharing_enabled":true,"jetpack_shortlink":"https:\/\/wp.me\/ParTtp-2YM","_links":{"self":[{"href":"https:\/\/vezendi.com\/es\/wp-json\/wp\/v2\/pages\/11456","targetHints":{"allow":["GET"]}}],"collection":[{"href":"https:\/\/vezendi.com\/es\/wp-json\/wp\/v2\/pages"}],"about":[{"href":"https:\/\/vezendi.com\/es\/wp-json\/wp\/v2\/types\/page"}],"author":[{"embeddable":true,"href":"https:\/\/vezendi.com\/es\/wp-json\/wp\/v2\/users\/1"}],"replies":[{"embeddable":true,"href":"https:\/\/vezendi.com\/es\/wp-json\/wp\/v2\/comments?post=11456"}],"version-history":[{"count":2,"href":"https:\/\/vezendi.com\/es\/wp-json\/wp\/v2\/pages\/11456\/revisions"}],"predecessor-version":[{"id":11460,"href":"https:\/\/vezendi.com\/es\/wp-json\/wp\/v2\/pages\/11456\/revisions\/11460"}],"up":[{"embeddable":true,"href":"https:\/\/vezendi.com\/es\/wp-json\/wp\/v2\/pages\/4762"}],"wp:featuredmedia":[{"embeddable":true,"href":"https:\/\/vezendi.com\/es\/wp-json\/wp\/v2\/media\/11367"}],"wp:attachment":[{"href":"https:\/\/vezendi.com\/es\/wp-json\/wp\/v2\/media?parent=11456"}],"curies":[{"name":"wp","href":"https:\/\/api.w.org\/{rel}","templated":true}]}}