{"id":13461,"date":"2020-04-13T12:32:43","date_gmt":"2020-04-13T11:32:43","guid":{"rendered":"https:\/\/vezendi.com\/?page_id=13461"},"modified":"2020-04-13T14:47:31","modified_gmt":"2020-04-13T13:47:31","slug":"audiolibros","status":"publish","type":"page","link":"https:\/\/vezendi.com\/es\/audiolibros\/","title":{"rendered":"AUDIOLIBROS"},"content":{"rendered":"<h1>OBRAS MAESTRAS DE LA CULTURA EN AUDIOLIBRO NARRADAS POR ALBERTO VEZENDI<\/h1>\n<p><img data-recalc-dims=\"1\" loading=\"lazy\" decoding=\"async\" class=\"size-large wp-image-13401 aligncenter\" src=\"https:\/\/i0.wp.com\/vezendi.com\/wp-content\/uploads\/2020\/04\/Banner-size-logo-audiovezendi.jpg?resize=1024%2C190&#038;ssl=1\" alt=\"Logo banner salmon audiolibros vezendi\" width=\"1024\" height=\"190\" srcset=\"https:\/\/i0.wp.com\/vezendi.com\/wp-content\/uploads\/2020\/04\/Banner-size-logo-audiovezendi.jpg?resize=1024%2C190&amp;ssl=1 1024w, https:\/\/i0.wp.com\/vezendi.com\/wp-content\/uploads\/2020\/04\/Banner-size-logo-audiovezendi.jpg?resize=300%2C56&amp;ssl=1 300w, https:\/\/i0.wp.com\/vezendi.com\/wp-content\/uploads\/2020\/04\/Banner-size-logo-audiovezendi.jpg?resize=768%2C143&amp;ssl=1 768w, https:\/\/i0.wp.com\/vezendi.com\/wp-content\/uploads\/2020\/04\/Banner-size-logo-audiovezendi.jpg?w=1280&amp;ssl=1 1280w\" sizes=\"auto, (max-width: 1024px) 100vw, 1024px\" \/><\/p>\n<blockquote><p>Disfruta de la calidad de la voz humana grabada en estudio para escuchar obras maestras de la literatura, filosof\u00eda y pensamiento universales. Inspiraci\u00f3n, motivaci\u00f3n, historias, cuentos y literatura para todos. Aqu\u00ed encontrar\u00e1s una selecci\u00f3n de obras maestras de la literatura y filosof\u00eda, desde los cl\u00e1sicos, hasta obras m\u00e1s modernas, le\u00eddos por m\u00ed. He seleccionado las obras que m\u00e1s me han inspirado, motivado y ayudado en mi desarrollo personal hacia una vida m\u00e1s plena.<\/p><\/blockquote>\n<p>Hace 20 a\u00f1os empec\u00e9 a escuchar audiolibros para llenar las horas perdidas conduciendo entre Bruselas, Par\u00eds, Asturias y Budapest (muchas), y desde entonces nunca dej\u00e9 de escucharlos. Ahora quiero contribuir con mi interpretaci\u00f3n del patrimonio escrito, de todo aquello que considero digno de transmitir oralmente para que llegue a muchos. M\u00e1s abajo est\u00e1n mis audiolibros descargables en formato MP3 para que los puedas escuchar cuando quieras en tu autorradio, tu m\u00f3vil, o en cualquier otro dispositivo.<\/p>\n<h4><strong>Haz click en la portada que desees, b\u00e1jate el audiolibro y disfr\u00fatalo, y si quieres apoyarme puedes dejarme un donativo aqu\u00ed:<\/strong><\/h4>\n<p><!-- Begin PayPal Donations by https:\/\/www.tipsandtricks-hq.com\/paypal-donations-widgets-plugin -->\n\n<form action=\"https:\/\/www.paypal.com\/cgi-bin\/webscr\" method=\"post\" target=\"_blank\">\n    <div class=\"paypal-donations\">\n        <input type=\"hidden\" name=\"cmd\" value=\"_donations\" \/>\n        <input type=\"hidden\" name=\"bn\" value=\"TipsandTricks_SP\" \/>\n        <input type=\"hidden\" name=\"business\" value=\"vezendi@vezendi.com\" \/>\n        <input type=\"hidden\" name=\"return\" value=\"https:\/\/vezendi.com\/es\/gracias-2\/\" \/>\n        <input type=\"hidden\" name=\"item_name\" value=\"APOYA LA CULTURA PARA TODOS EN INTERNET\" \/>\n        <input type=\"hidden\" name=\"item_number\" value=\"SI PUEDES DONA PARA QUE SIGA HABIENDO CULTURA GRATIS EN INTERNET.\" \/>\n        <input type=\"hidden\" name=\"rm\" value=\"0\" \/>\n        <input type=\"hidden\" name=\"currency_code\" value=\"USD\" \/>\n        <input type=\"image\" style=\"cursor: pointer;\" src=\"https:\/\/vezendi.com\/es\/logotipo_paypal_pagos_tarjetas\/\" name=\"submit\" alt=\"PayPal - The safer, easier way to pay online.\" \/>\n        <img loading=\"lazy\" decoding=\"async\" alt=\"\" src=\"https:\/\/www.paypalobjects.com\/en_US\/i\/scr\/pixel.gif\" width=\"1\" height=\"1\" \/>\n    <\/div>\n<\/form>\n<!-- End PayPal Donations -->\n <span style=\"color: #ff9900;\"><strong>(enlace seguro encriptado a paypal o tarjeta)<\/strong><\/span><\/p>\n<h4><strong>Con tu donativo me ayudas en la considerable inversi\u00f3n de tiempo, trabajo y material que requiere la grabaci\u00f3n de estos audiolibros, pero, sobre todo, contribuyes a mantener el contenido cultural gratuito en internet, posibilitando as\u00ed que llegue tambi\u00e9n a aquellos que no pueden pagarlo.<\/strong><\/h4>\n<h4><strong>\u00a1Gracias por tu apoyo!<\/strong><\/h4>\n<p><a href=\"https:\/\/vezendi.com\/download\/evangelio-de-san-mateo-narrado-por-alberto-vezendi\/\" target=\"_blank\" rel=\"noopener noreferrer\"><img data-recalc-dims=\"1\" loading=\"lazy\" decoding=\"async\" class=\"alignleft wp-image-13418\" src=\"https:\/\/i0.wp.com\/vezendi.com\/wp-content\/uploads\/2020\/04\/Cruz-en-playa-florida-con-texto.jpg?resize=200%2C113&#038;ssl=1\" alt=\"EL EVANGELIO de SAN MATEO - audiolibro con musica\" width=\"200\" height=\"113\" srcset=\"https:\/\/i0.wp.com\/vezendi.com\/wp-content\/uploads\/2020\/04\/Cruz-en-playa-florida-con-texto-scaled.jpg?resize=300%2C169&amp;ssl=1 300w, https:\/\/i0.wp.com\/vezendi.com\/wp-content\/uploads\/2020\/04\/Cruz-en-playa-florida-con-texto-scaled.jpg?resize=1024%2C576&amp;ssl=1 1024w, https:\/\/i0.wp.com\/vezendi.com\/wp-content\/uploads\/2020\/04\/Cruz-en-playa-florida-con-texto-scaled.jpg?resize=768%2C432&amp;ssl=1 768w, https:\/\/i0.wp.com\/vezendi.com\/wp-content\/uploads\/2020\/04\/Cruz-en-playa-florida-con-texto-scaled.jpg?resize=1536%2C864&amp;ssl=1 1536w, https:\/\/i0.wp.com\/vezendi.com\/wp-content\/uploads\/2020\/04\/Cruz-en-playa-florida-con-texto-scaled.jpg?resize=2048%2C1152&amp;ssl=1 2048w, https:\/\/i0.wp.com\/vezendi.com\/wp-content\/uploads\/2020\/04\/Cruz-en-playa-florida-con-texto-scaled.jpg?w=2340&amp;ssl=1 2340w\" sizes=\"auto, (max-width: 200px) 100vw, 200px\" \/><img data-recalc-dims=\"1\" loading=\"lazy\" decoding=\"async\" class=\"alignleft wp-image-13420\" src=\"https:\/\/i0.wp.com\/vezendi.com\/wp-content\/uploads\/2020\/04\/portada-Evangelio-sin-fondo-musical.jpg?resize=200%2C113&#038;ssl=1\" alt=\"portada Evangelio sin fondo musical\" width=\"200\" height=\"113\" srcset=\"https:\/\/i0.wp.com\/vezendi.com\/wp-content\/uploads\/2020\/04\/portada-Evangelio-sin-fondo-musical-scaled.jpg?resize=300%2C169&amp;ssl=1 300w, https:\/\/i0.wp.com\/vezendi.com\/wp-content\/uploads\/2020\/04\/portada-Evangelio-sin-fondo-musical-scaled.jpg?resize=1024%2C576&amp;ssl=1 1024w, https:\/\/i0.wp.com\/vezendi.com\/wp-content\/uploads\/2020\/04\/portada-Evangelio-sin-fondo-musical-scaled.jpg?resize=768%2C432&amp;ssl=1 768w, https:\/\/i0.wp.com\/vezendi.com\/wp-content\/uploads\/2020\/04\/portada-Evangelio-sin-fondo-musical-scaled.jpg?resize=1536%2C864&amp;ssl=1 1536w, https:\/\/i0.wp.com\/vezendi.com\/wp-content\/uploads\/2020\/04\/portada-Evangelio-sin-fondo-musical-scaled.jpg?resize=2048%2C1152&amp;ssl=1 2048w, https:\/\/i0.wp.com\/vezendi.com\/wp-content\/uploads\/2020\/04\/portada-Evangelio-sin-fondo-musical-scaled.jpg?w=2340&amp;ssl=1 2340w\" sizes=\"auto, (max-width: 200px) 100vw, 200px\" \/><\/a><a href=\"https:\/\/vezendi.com\/download\/declaracion-universal-de-derechos-humanos-leida-por-alberto-vezendi-con-musica\/\" target=\"_blank\" rel=\"noreferrer noopener\"><img data-recalc-dims=\"1\" loading=\"lazy\" decoding=\"async\" class=\"alignleft wp-image-13416\" src=\"https:\/\/i0.wp.com\/vezendi.com\/wp-content\/uploads\/2020\/04\/2020_03_24-DUDH-video-image-music.jpg?resize=200%2C113&#038;ssl=1\" alt=\"DUDH portada audiolibro con musica\" width=\"200\" height=\"113\" srcset=\"https:\/\/i0.wp.com\/vezendi.com\/wp-content\/uploads\/2020\/04\/2020_03_24-DUDH-video-image-music-scaled.jpg?resize=300%2C169&amp;ssl=1 300w, https:\/\/i0.wp.com\/vezendi.com\/wp-content\/uploads\/2020\/04\/2020_03_24-DUDH-video-image-music-scaled.jpg?resize=1024%2C576&amp;ssl=1 1024w, https:\/\/i0.wp.com\/vezendi.com\/wp-content\/uploads\/2020\/04\/2020_03_24-DUDH-video-image-music-scaled.jpg?resize=768%2C432&amp;ssl=1 768w, https:\/\/i0.wp.com\/vezendi.com\/wp-content\/uploads\/2020\/04\/2020_03_24-DUDH-video-image-music-scaled.jpg?resize=1536%2C864&amp;ssl=1 1536w, https:\/\/i0.wp.com\/vezendi.com\/wp-content\/uploads\/2020\/04\/2020_03_24-DUDH-video-image-music-scaled.jpg?resize=2048%2C1152&amp;ssl=1 2048w, https:\/\/i0.wp.com\/vezendi.com\/wp-content\/uploads\/2020\/04\/2020_03_24-DUDH-video-image-music-scaled.jpg?w=2340&amp;ssl=1 2340w\" sizes=\"auto, (max-width: 200px) 100vw, 200px\" \/><\/a><a href=\"https:\/\/vezendi.com\/download\/declaracion-universal-de-derechos-humanos-leida-por-alberto-vezendi-sin-musica\/\" target=\"_blank\" rel=\"noopener noreferrer\"><img data-recalc-dims=\"1\" loading=\"lazy\" decoding=\"async\" class=\"alignleft wp-image-13414\" src=\"https:\/\/i0.wp.com\/vezendi.com\/wp-content\/uploads\/2020\/04\/2020_03_24-DUDH-thumbnail-image.jpg?resize=200%2C113&#038;ssl=1\" alt=\"DUDH portada audiolibro sin musica\" width=\"200\" height=\"113\" srcset=\"https:\/\/i0.wp.com\/vezendi.com\/wp-content\/uploads\/2020\/04\/2020_03_24-DUDH-thumbnail-image-scaled.jpg?resize=300%2C169&amp;ssl=1 300w, https:\/\/i0.wp.com\/vezendi.com\/wp-content\/uploads\/2020\/04\/2020_03_24-DUDH-thumbnail-image-scaled.jpg?resize=1024%2C576&amp;ssl=1 1024w, https:\/\/i0.wp.com\/vezendi.com\/wp-content\/uploads\/2020\/04\/2020_03_24-DUDH-thumbnail-image-scaled.jpg?resize=768%2C432&amp;ssl=1 768w, https:\/\/i0.wp.com\/vezendi.com\/wp-content\/uploads\/2020\/04\/2020_03_24-DUDH-thumbnail-image-scaled.jpg?resize=1536%2C864&amp;ssl=1 1536w, https:\/\/i0.wp.com\/vezendi.com\/wp-content\/uploads\/2020\/04\/2020_03_24-DUDH-thumbnail-image-scaled.jpg?resize=2048%2C1152&amp;ssl=1 2048w, https:\/\/i0.wp.com\/vezendi.com\/wp-content\/uploads\/2020\/04\/2020_03_24-DUDH-thumbnail-image-scaled.jpg?w=2340&amp;ssl=1 2340w\" sizes=\"auto, (max-width: 200px) 100vw, 200px\" \/><\/a><a href=\"https:\/\/vezendi.com\/download\/tao-te-king-audiolibro-gratis-narrado-por-alberto-vezendi-con-musica-de-fondo\/\" target=\"_blank\" rel=\"noopener noreferrer\"><img data-recalc-dims=\"1\" loading=\"lazy\" decoding=\"async\" class=\"alignleft wp-image-13426\" src=\"https:\/\/i0.wp.com\/vezendi.com\/wp-content\/uploads\/2020\/04\/Tao-hoja-imagen-grande.jpg?resize=200%2C113&#038;ssl=1\" alt=\"Portada Tao Te Ching con musica\" width=\"200\" height=\"113\" srcset=\"https:\/\/i0.wp.com\/vezendi.com\/wp-content\/uploads\/2020\/04\/Tao-hoja-imagen-grande-scaled.jpg?resize=300%2C169&amp;ssl=1 300w, https:\/\/i0.wp.com\/vezendi.com\/wp-content\/uploads\/2020\/04\/Tao-hoja-imagen-grande-scaled.jpg?resize=1024%2C576&amp;ssl=1 1024w, https:\/\/i0.wp.com\/vezendi.com\/wp-content\/uploads\/2020\/04\/Tao-hoja-imagen-grande-scaled.jpg?resize=768%2C432&amp;ssl=1 768w, https:\/\/i0.wp.com\/vezendi.com\/wp-content\/uploads\/2020\/04\/Tao-hoja-imagen-grande-scaled.jpg?resize=1536%2C864&amp;ssl=1 1536w, https:\/\/i0.wp.com\/vezendi.com\/wp-content\/uploads\/2020\/04\/Tao-hoja-imagen-grande-scaled.jpg?resize=2048%2C1152&amp;ssl=1 2048w, https:\/\/i0.wp.com\/vezendi.com\/wp-content\/uploads\/2020\/04\/Tao-hoja-imagen-grande-scaled.jpg?w=2340&amp;ssl=1 2340w\" sizes=\"auto, (max-width: 200px) 100vw, 200px\" \/><\/a><a href=\"https:\/\/vezendi.com\/download\/tao-te-king-audiolibro-narrado-por-alberto-vezendi-sin-musica\/\" target=\"_blank\" rel=\"noopener noreferrer\"><img data-recalc-dims=\"1\" loading=\"lazy\" decoding=\"async\" class=\"alignleft wp-image-13422\" src=\"https:\/\/i0.wp.com\/vezendi.com\/wp-content\/uploads\/2020\/04\/Portada-Flores-para-tao.jpg?resize=200%2C113&#038;ssl=1\" alt=\"Portada Tao te Ching sin musica\" width=\"200\" height=\"113\" srcset=\"https:\/\/i0.wp.com\/vezendi.com\/wp-content\/uploads\/2020\/04\/Portada-Flores-para-tao-scaled.jpg?resize=300%2C169&amp;ssl=1 300w, https:\/\/i0.wp.com\/vezendi.com\/wp-content\/uploads\/2020\/04\/Portada-Flores-para-tao-scaled.jpg?resize=1024%2C576&amp;ssl=1 1024w, https:\/\/i0.wp.com\/vezendi.com\/wp-content\/uploads\/2020\/04\/Portada-Flores-para-tao-scaled.jpg?resize=768%2C432&amp;ssl=1 768w, https:\/\/i0.wp.com\/vezendi.com\/wp-content\/uploads\/2020\/04\/Portada-Flores-para-tao-scaled.jpg?resize=1536%2C864&amp;ssl=1 1536w, https:\/\/i0.wp.com\/vezendi.com\/wp-content\/uploads\/2020\/04\/Portada-Flores-para-tao-scaled.jpg?resize=2048%2C1152&amp;ssl=1 2048w, https:\/\/i0.wp.com\/vezendi.com\/wp-content\/uploads\/2020\/04\/Portada-Flores-para-tao-scaled.jpg?w=2340&amp;ssl=1 2340w\" sizes=\"auto, (max-width: 200px) 100vw, 200px\" \/><\/a><a href=\"https:\/\/vezendi.com\/download\/el-principe-de-maquiavelo-1a-parte-audiolibro-leido-por-alberto-vezendi\/\" target=\"_blank\" rel=\"noopener noreferrer\"><img data-recalc-dims=\"1\" loading=\"lazy\" decoding=\"async\" class=\"alignleft wp-image-13410\" src=\"https:\/\/i0.wp.com\/vezendi.com\/wp-content\/uploads\/2020\/04\/2020_03_21-Portada-video-primera-parte-audiolibro-el-principe.jpg?resize=200%2C113&#038;ssl=1\" alt=\"Portada audiolibro el principe primera parte\" width=\"200\" height=\"113\" srcset=\"https:\/\/i0.wp.com\/vezendi.com\/wp-content\/uploads\/2020\/04\/2020_03_21-Portada-video-primera-parte-audiolibro-el-principe.jpg?resize=300%2C169&amp;ssl=1 300w, https:\/\/i0.wp.com\/vezendi.com\/wp-content\/uploads\/2020\/04\/2020_03_21-Portada-video-primera-parte-audiolibro-el-principe.jpg?resize=1024%2C576&amp;ssl=1 1024w, https:\/\/i0.wp.com\/vezendi.com\/wp-content\/uploads\/2020\/04\/2020_03_21-Portada-video-primera-parte-audiolibro-el-principe.jpg?resize=768%2C432&amp;ssl=1 768w, https:\/\/i0.wp.com\/vezendi.com\/wp-content\/uploads\/2020\/04\/2020_03_21-Portada-video-primera-parte-audiolibro-el-principe.jpg?w=1244&amp;ssl=1 1244w\" sizes=\"auto, (max-width: 200px) 100vw, 200px\" \/><\/a><a href=\"https:\/\/vezendi.com\/download\/el-principe-de-maquiavelo-2a-parte-audiolibro-leido-por-alberto-vezendi\/\" target=\"_blank\" rel=\"noopener noreferrer\"><img data-recalc-dims=\"1\" loading=\"lazy\" decoding=\"async\" class=\"alignleft wp-image-13412\" src=\"https:\/\/i0.wp.com\/vezendi.com\/wp-content\/uploads\/2020\/04\/2020_03_21-Portada-video-segunda-parte-audiolibro-el-principe.jpg?resize=200%2C113&#038;ssl=1\" alt=\"Portada audiolibro el principe segunda parte\" width=\"200\" height=\"113\" srcset=\"https:\/\/i0.wp.com\/vezendi.com\/wp-content\/uploads\/2020\/04\/2020_03_21-Portada-video-segunda-parte-audiolibro-el-principe.jpg?resize=300%2C169&amp;ssl=1 300w, https:\/\/i0.wp.com\/vezendi.com\/wp-content\/uploads\/2020\/04\/2020_03_21-Portada-video-segunda-parte-audiolibro-el-principe.jpg?resize=1024%2C576&amp;ssl=1 1024w, https:\/\/i0.wp.com\/vezendi.com\/wp-content\/uploads\/2020\/04\/2020_03_21-Portada-video-segunda-parte-audiolibro-el-principe.jpg?resize=768%2C432&amp;ssl=1 768w, https:\/\/i0.wp.com\/vezendi.com\/wp-content\/uploads\/2020\/04\/2020_03_21-Portada-video-segunda-parte-audiolibro-el-principe.jpg?w=1244&amp;ssl=1 1244w\" sizes=\"auto, (max-width: 200px) 100vw, 200px\" \/><\/a><a href=\"https:\/\/vezendi.com\/download\/cartas-literarias-a-una-mujer-de-gustavo-adolfo-becquer-narradas-por-alberto-vezendi-con-musica\/\" target=\"_blank\" rel=\"noopener noreferrer\"><img data-recalc-dims=\"1\" loading=\"lazy\" decoding=\"async\" class=\"alignleft wp-image-13428\" src=\"https:\/\/i0.wp.com\/vezendi.com\/wp-content\/uploads\/2020\/04\/venus-szecska-19-x-9-con-texto.jpg?resize=200%2C113&#038;ssl=1\" alt=\"Portada audiolibro Cartas a una mujer de Becquer\" width=\"200\" height=\"113\" srcset=\"https:\/\/i0.wp.com\/vezendi.com\/wp-content\/uploads\/2020\/04\/venus-szecska-19-x-9-con-texto-scaled.jpg?resize=300%2C169&amp;ssl=1 300w, https:\/\/i0.wp.com\/vezendi.com\/wp-content\/uploads\/2020\/04\/venus-szecska-19-x-9-con-texto-scaled.jpg?resize=1024%2C576&amp;ssl=1 1024w, https:\/\/i0.wp.com\/vezendi.com\/wp-content\/uploads\/2020\/04\/venus-szecska-19-x-9-con-texto-scaled.jpg?resize=768%2C432&amp;ssl=1 768w, https:\/\/i0.wp.com\/vezendi.com\/wp-content\/uploads\/2020\/04\/venus-szecska-19-x-9-con-texto-scaled.jpg?resize=1536%2C864&amp;ssl=1 1536w, https:\/\/i0.wp.com\/vezendi.com\/wp-content\/uploads\/2020\/04\/venus-szecska-19-x-9-con-texto-scaled.jpg?resize=2048%2C1152&amp;ssl=1 2048w, https:\/\/i0.wp.com\/vezendi.com\/wp-content\/uploads\/2020\/04\/venus-szecska-19-x-9-con-texto-scaled.jpg?w=2340&amp;ssl=1 2340w\" sizes=\"auto, (max-width: 200px) 100vw, 200px\" \/><\/a><a href=\"https:\/\/vezendi.com\/download\/rimas-de-gustavo-adolfo-becquer-en-audiolibro-leidas-por-alberto-vezendi-con-musica\/\" target=\"_blank\" rel=\"noopener noreferrer\"><img data-recalc-dims=\"1\" loading=\"lazy\" decoding=\"async\" class=\"alignleft wp-image-13424\" src=\"https:\/\/i0.wp.com\/vezendi.com\/wp-content\/uploads\/2020\/04\/rimas-agua-unesco-1.jpg?resize=200%2C113&#038;ssl=1\" alt=\"Portada audiolibro Rimas de Becquer\" width=\"200\" height=\"113\" srcset=\"https:\/\/i0.wp.com\/vezendi.com\/wp-content\/uploads\/2020\/04\/rimas-agua-unesco-1-scaled.jpg?resize=300%2C169&amp;ssl=1 300w, https:\/\/i0.wp.com\/vezendi.com\/wp-content\/uploads\/2020\/04\/rimas-agua-unesco-1-scaled.jpg?resize=1024%2C576&amp;ssl=1 1024w, https:\/\/i0.wp.com\/vezendi.com\/wp-content\/uploads\/2020\/04\/rimas-agua-unesco-1-scaled.jpg?resize=768%2C432&amp;ssl=1 768w, https:\/\/i0.wp.com\/vezendi.com\/wp-content\/uploads\/2020\/04\/rimas-agua-unesco-1-scaled.jpg?resize=1536%2C864&amp;ssl=1 1536w, https:\/\/i0.wp.com\/vezendi.com\/wp-content\/uploads\/2020\/04\/rimas-agua-unesco-1-scaled.jpg?resize=2048%2C1152&amp;ssl=1 2048w, https:\/\/i0.wp.com\/vezendi.com\/wp-content\/uploads\/2020\/04\/rimas-agua-unesco-1-scaled.jpg?w=2340&amp;ssl=1 2340w\" sizes=\"auto, (max-width: 200px) 100vw, 200px\" \/><\/a><\/p>\n","protected":false},"excerpt":{"rendered":"<p>OBRAS MAESTRAS DE LA CULTURA EN AUDIOLIBRO NARRADAS POR ALBERTO VEZENDI Disfruta de la calidad de la voz humana grabada en estudio para escuchar obras maestras de la literatura, filosof\u00eda y pensamiento universales. Inspiraci\u00f3n, motivaci\u00f3n, historias, cuentos y literatura para todos. Aqu\u00ed encontrar\u00e1s una selecci\u00f3n de obras maestras de la literatura y filosof\u00eda, desde los<\/p>\n<p class=\"more-link\"><a href=\"https:\/\/vezendi.com\/es\/audiolibros\/\" class=\"themebutton\">Sigue leyendo<\/a><\/p>\n","protected":false},"author":1,"featured_media":13400,"parent":0,"menu_order":0,"comment_status":"open","ping_status":"closed","template":"","meta":{"jetpack_post_was_ever_published":false,"footnotes":""},"class_list":["post-13461","page","type-page","status-publish","has-post-thumbnail","hentry"],"yoast_head":"<!-- This site is optimized with the Yoast SEO plugin v22.7 - https:\/\/yoast.com\/wordpress\/plugins\/seo\/ -->\n<title>AUDIOLIBROS - VEZENDI<\/title>\n<meta name=\"robots\" content=\"index, follow, max-snippet:-1, max-image-preview:large, max-video-preview:-1\" \/>\n<link rel=\"canonical\" href=\"https:\/\/vezendi.com\/es\/audiolibros\/\" \/>\n<meta property=\"og:locale\" content=\"es_ES\" \/>\n<meta property=\"og:type\" content=\"article\" \/>\n<meta property=\"og:title\" content=\"AUDIOLIBROS - VEZENDI\" \/>\n<meta property=\"og:description\" content=\"OBRAS MAESTRAS DE LA CULTURA EN AUDIOLIBRO NARRADAS POR ALBERTO VEZENDI Disfruta de la calidad de la voz humana grabada en estudio para escuchar obras maestras de la literatura, filosof\u00eda y pensamiento universales. Inspiraci\u00f3n, motivaci\u00f3n, historias, cuentos y literatura para todos. Aqu\u00ed encontrar\u00e1s una selecci\u00f3n de obras maestras de la literatura y filosof\u00eda, desde losSigue leyendo\" \/>\n<meta property=\"og:url\" content=\"https:\/\/vezendi.com\/es\/audiolibros\/\" \/>\n<meta property=\"og:site_name\" content=\"VEZENDI\" \/>\n<meta property=\"article:publisher\" content=\"https:\/\/www.facebook.com\/VezendiBooks\" \/>\n<meta property=\"article:modified_time\" content=\"2020-04-13T13:47:31+00:00\" \/>\n<meta property=\"og:image\" content=\"https:\/\/i0.wp.com\/vezendi.com\/wp-content\/uploads\/2020\/04\/Thumbnail-size-audivezendi-for-y1.jpg?fit=1280%2C720&ssl=1\" \/>\n\t<meta property=\"og:image:width\" content=\"1280\" \/>\n\t<meta property=\"og:image:height\" content=\"720\" \/>\n\t<meta property=\"og:image:type\" content=\"image\/jpeg\" \/>\n<meta name=\"twitter:card\" content=\"summary_large_image\" \/>\n<meta name=\"twitter:site\" content=\"@AVezendi\" \/>\n<meta name=\"twitter:label1\" content=\"Tiempo de lectura\" \/>\n\t<meta name=\"twitter:data1\" content=\"1 minuto\" \/>\n<script type=\"application\/ld+json\" class=\"yoast-schema-graph\">{\"@context\":\"https:\/\/schema.org\",\"@graph\":[{\"@type\":\"WebPage\",\"@id\":\"https:\/\/vezendi.com\/es\/audiolibros\/\",\"url\":\"https:\/\/vezendi.com\/es\/audiolibros\/\",\"name\":\"AUDIOLIBROS - VEZENDI\",\"isPartOf\":{\"@id\":\"https:\/\/aliceblue-seahorse-584180.hostingersite.com\/#website\"},\"primaryImageOfPage\":{\"@id\":\"https:\/\/vezendi.com\/es\/audiolibros\/#primaryimage\"},\"image\":{\"@id\":\"https:\/\/vezendi.com\/es\/audiolibros\/#primaryimage\"},\"thumbnailUrl\":\"https:\/\/i0.wp.com\/vezendi.com\/wp-content\/uploads\/2020\/04\/Thumbnail-size-audivezendi-for-y1.jpg?fit=1280%2C720&ssl=1\",\"datePublished\":\"2020-04-13T11:32:43+00:00\",\"dateModified\":\"2020-04-13T13:47:31+00:00\",\"breadcrumb\":{\"@id\":\"https:\/\/vezendi.com\/es\/audiolibros\/#breadcrumb\"},\"inLanguage\":\"es\",\"potentialAction\":[{\"@type\":\"ReadAction\",\"target\":[\"https:\/\/vezendi.com\/es\/audiolibros\/\"]}]},{\"@type\":\"ImageObject\",\"inLanguage\":\"es\",\"@id\":\"https:\/\/vezendi.com\/es\/audiolibros\/#primaryimage\",\"url\":\"https:\/\/i0.wp.com\/vezendi.com\/wp-content\/uploads\/2020\/04\/Thumbnail-size-audivezendi-for-y1.jpg?fit=1280%2C720&ssl=1\",\"contentUrl\":\"https:\/\/i0.wp.com\/vezendi.com\/wp-content\/uploads\/2020\/04\/Thumbnail-size-audivezendi-for-y1.jpg?fit=1280%2C720&ssl=1\",\"width\":1280,\"height\":720,\"caption\":\"Logo salmon audiolibros vezendi\"},{\"@type\":\"BreadcrumbList\",\"@id\":\"https:\/\/vezendi.com\/es\/audiolibros\/#breadcrumb\",\"itemListElement\":[{\"@type\":\"ListItem\",\"position\":1,\"name\":\"Portada\",\"item\":\"https:\/\/aliceblue-seahorse-584180.hostingersite.com\/\"},{\"@type\":\"ListItem\",\"position\":2,\"name\":\"AUDIOLIBROS\"}]},{\"@type\":\"WebSite\",\"@id\":\"https:\/\/aliceblue-seahorse-584180.hostingersite.com\/#website\",\"url\":\"https:\/\/aliceblue-seahorse-584180.hostingersite.com\/\",\"name\":\"VEZENDI\",\"description\":\"Share the freedom!\",\"potentialAction\":[{\"@type\":\"SearchAction\",\"target\":{\"@type\":\"EntryPoint\",\"urlTemplate\":\"https:\/\/aliceblue-seahorse-584180.hostingersite.com\/?s={search_term_string}\"},\"query-input\":\"required name=search_term_string\"}],\"inLanguage\":\"es\"}]}<\/script>\n<!-- \/ Yoast SEO plugin. -->","yoast_head_json":{"title":"AUDIOLIBROS - VEZENDI","robots":{"index":"index","follow":"follow","max-snippet":"max-snippet:-1","max-image-preview":"max-image-preview:large","max-video-preview":"max-video-preview:-1"},"canonical":"https:\/\/vezendi.com\/es\/audiolibros\/","og_locale":"es_ES","og_type":"article","og_title":"AUDIOLIBROS - VEZENDI","og_description":"OBRAS MAESTRAS DE LA CULTURA EN AUDIOLIBRO NARRADAS POR ALBERTO VEZENDI Disfruta de la calidad de la voz humana grabada en estudio para escuchar obras maestras de la literatura, filosof\u00eda y pensamiento universales. Inspiraci\u00f3n, motivaci\u00f3n, historias, cuentos y literatura para todos. Aqu\u00ed encontrar\u00e1s una selecci\u00f3n de obras maestras de la literatura y filosof\u00eda, desde losSigue leyendo","og_url":"https:\/\/vezendi.com\/es\/audiolibros\/","og_site_name":"VEZENDI","article_publisher":"https:\/\/www.facebook.com\/VezendiBooks","article_modified_time":"2020-04-13T13:47:31+00:00","og_image":[{"width":1280,"height":720,"url":"https:\/\/i0.wp.com\/vezendi.com\/wp-content\/uploads\/2020\/04\/Thumbnail-size-audivezendi-for-y1.jpg?fit=1280%2C720&ssl=1","type":"image\/jpeg"}],"twitter_card":"summary_large_image","twitter_site":"@AVezendi","twitter_misc":{"Tiempo de lectura":"1 minuto"},"schema":{"@context":"https:\/\/schema.org","@graph":[{"@type":"WebPage","@id":"https:\/\/vezendi.com\/es\/audiolibros\/","url":"https:\/\/vezendi.com\/es\/audiolibros\/","name":"AUDIOLIBROS - VEZENDI","isPartOf":{"@id":"https:\/\/aliceblue-seahorse-584180.hostingersite.com\/#website"},"primaryImageOfPage":{"@id":"https:\/\/vezendi.com\/es\/audiolibros\/#primaryimage"},"image":{"@id":"https:\/\/vezendi.com\/es\/audiolibros\/#primaryimage"},"thumbnailUrl":"https:\/\/i0.wp.com\/vezendi.com\/wp-content\/uploads\/2020\/04\/Thumbnail-size-audivezendi-for-y1.jpg?fit=1280%2C720&ssl=1","datePublished":"2020-04-13T11:32:43+00:00","dateModified":"2020-04-13T13:47:31+00:00","breadcrumb":{"@id":"https:\/\/vezendi.com\/es\/audiolibros\/#breadcrumb"},"inLanguage":"es","potentialAction":[{"@type":"ReadAction","target":["https:\/\/vezendi.com\/es\/audiolibros\/"]}]},{"@type":"ImageObject","inLanguage":"es","@id":"https:\/\/vezendi.com\/es\/audiolibros\/#primaryimage","url":"https:\/\/i0.wp.com\/vezendi.com\/wp-content\/uploads\/2020\/04\/Thumbnail-size-audivezendi-for-y1.jpg?fit=1280%2C720&ssl=1","contentUrl":"https:\/\/i0.wp.com\/vezendi.com\/wp-content\/uploads\/2020\/04\/Thumbnail-size-audivezendi-for-y1.jpg?fit=1280%2C720&ssl=1","width":1280,"height":720,"caption":"Logo salmon audiolibros vezendi"},{"@type":"BreadcrumbList","@id":"https:\/\/vezendi.com\/es\/audiolibros\/#breadcrumb","itemListElement":[{"@type":"ListItem","position":1,"name":"Portada","item":"https:\/\/aliceblue-seahorse-584180.hostingersite.com\/"},{"@type":"ListItem","position":2,"name":"AUDIOLIBROS"}]},{"@type":"WebSite","@id":"https:\/\/aliceblue-seahorse-584180.hostingersite.com\/#website","url":"https:\/\/aliceblue-seahorse-584180.hostingersite.com\/","name":"VEZENDI","description":"Share the freedom!","potentialAction":[{"@type":"SearchAction","target":{"@type":"EntryPoint","urlTemplate":"https:\/\/aliceblue-seahorse-584180.hostingersite.com\/?s={search_term_string}"},"query-input":"required name=search_term_string"}],"inLanguage":"es"}]}},"jetpack_sharing_enabled":true,"jetpack_shortlink":"https:\/\/wp.me\/ParTtp-3v7","_links":{"self":[{"href":"https:\/\/vezendi.com\/es\/wp-json\/wp\/v2\/pages\/13461","targetHints":{"allow":["GET"]}}],"collection":[{"href":"https:\/\/vezendi.com\/es\/wp-json\/wp\/v2\/pages"}],"about":[{"href":"https:\/\/vezendi.com\/es\/wp-json\/wp\/v2\/types\/page"}],"author":[{"embeddable":true,"href":"https:\/\/vezendi.com\/es\/wp-json\/wp\/v2\/users\/1"}],"replies":[{"embeddable":true,"href":"https:\/\/vezendi.com\/es\/wp-json\/wp\/v2\/comments?post=13461"}],"version-history":[{"count":14,"href":"https:\/\/vezendi.com\/es\/wp-json\/wp\/v2\/pages\/13461\/revisions"}],"predecessor-version":[{"id":13517,"href":"https:\/\/vezendi.com\/es\/wp-json\/wp\/v2\/pages\/13461\/revisions\/13517"}],"wp:featuredmedia":[{"embeddable":true,"href":"https:\/\/vezendi.com\/es\/wp-json\/wp\/v2\/media\/13400"}],"wp:attachment":[{"href":"https:\/\/vezendi.com\/es\/wp-json\/wp\/v2\/media?parent=13461"}],"curies":[{"name":"wp","href":"https:\/\/api.w.org\/{rel}","templated":true}]}}