{"id":13591,"date":"2020-11-10T09:18:54","date_gmt":"2020-11-10T08:18:54","guid":{"rendered":"https:\/\/vezendi.com\/?page_id=13591"},"modified":"2020-11-10T09:18:54","modified_gmt":"2020-11-10T08:18:54","slug":"artifices-del-destino","status":"publish","type":"page","link":"https:\/\/vezendi.com\/es\/libros\/artifices-del-destino\/","title":{"rendered":"ART\u00cdFICES DEL DESTINO"},"content":{"rendered":"<h1><strong>\u201cART\u00cdFICES DEL DESTINO\u201d \u2013 un camino hacia la autoestima y la libertad<\/strong><\/h1>\n<h3>\u2013 \u00a1Oferta de lanzamiento! Ya disponible en Amazon \u2013<\/h3>\n<h4>Haz click en la portada para amazon <a href=\"https:\/\/www.amazon.es\/dp\/B08L5DPX8X\" target=\"_blank\" rel=\"noopener noreferrer\">Espa\u00f1a<\/a>, o en el nombre del pa\u00eds para otros mercados:<\/h4>\n<h4><a href=\"https:\/\/www.amazon.com.mx\/dp\/B08L5DPX8X\" target=\"_blank\" rel=\"noopener noreferrer\">M\u00e9xico<\/a> \u2013 <a href=\"https:\/\/www.amazon.com\/dp\/B08L5DPX8X\" target=\"_blank\" rel=\"noopener noreferrer\">USA<\/a> \u2013 <a href=\"https:\/\/www.amazon.fr\/dp\/B08L5DPX8X\" target=\"_blank\" rel=\"noopener noreferrer\">Francia<\/a> \u2013 <a href=\"https:\/\/www.amazon.de\/dp\/B08L5DPX8X\" target=\"_blank\" rel=\"noopener noreferrer\">Alemania<\/a> \u2013 <a href=\"https:\/\/www.amazon.it\/dp\/B08L5DPX8X\" target=\"_blank\" rel=\"noopener noreferrer\">Italia<\/a> \u2013 <a href=\"https:\/\/www.amazon.co.uk\/dp\/B08L5DPX8X\" target=\"_blank\" rel=\"noopener noreferrer\">Reino Unido<\/a>.<\/h4>\n<div id=\"attachment_13575\" style=\"width: 650px\" class=\"wp-caption aligncenter\"><a href=\"https:\/\/www.amazon.es\/dp\/B08L5DPX8X\" target=\"_blank\" rel=\"noopener noreferrer\"><img data-recalc-dims=\"1\" loading=\"lazy\" decoding=\"async\" aria-describedby=\"caption-attachment-13575\" class=\"wp-image-13575 size-large\" src=\"https:\/\/i0.wp.com\/vezendi.com\/wp-content\/uploads\/2020\/11\/portada_ARTIFICES_eBook-NEWver.-2.jpg?resize=640%2C1024&#038;ssl=1\" alt=\"&quot;ART\u00cdFICES DEL DESTINO&quot; - un camino hacia la autoestima y la libertad\" width=\"640\" height=\"1024\" srcset=\"https:\/\/i0.wp.com\/vezendi.com\/wp-content\/uploads\/2020\/11\/portada_ARTIFICES_eBook-NEWver.-2.jpg?resize=640%2C1024&amp;ssl=1 640w, https:\/\/i0.wp.com\/vezendi.com\/wp-content\/uploads\/2020\/11\/portada_ARTIFICES_eBook-NEWver.-2.jpg?resize=188%2C300&amp;ssl=1 188w, https:\/\/i0.wp.com\/vezendi.com\/wp-content\/uploads\/2020\/11\/portada_ARTIFICES_eBook-NEWver.-2.jpg?resize=768%2C1229&amp;ssl=1 768w, https:\/\/i0.wp.com\/vezendi.com\/wp-content\/uploads\/2020\/11\/portada_ARTIFICES_eBook-NEWver.-2.jpg?resize=960%2C1536&amp;ssl=1 960w, https:\/\/i0.wp.com\/vezendi.com\/wp-content\/uploads\/2020\/11\/portada_ARTIFICES_eBook-NEWver.-2.jpg?resize=1280%2C2048&amp;ssl=1 1280w, https:\/\/i0.wp.com\/vezendi.com\/wp-content\/uploads\/2020\/11\/portada_ARTIFICES_eBook-NEWver.-2.jpg?w=1600&amp;ssl=1 1600w\" sizes=\"auto, (max-width: 640px) 100vw, 640px\" \/><\/a><p id=\"caption-attachment-13575\" class=\"wp-caption-text\">\u00abART\u00cdFICES DEL DESTINO\u00bb &#8211; un camino hacia la autoestima y la libertad<\/p><\/div>\n<p><strong>\u00a1CAMBIA TU FORMA DE PENSAR Y CAMBIAR\u00c1 TU FORMA DE SER!<\/strong><\/p>\n<p><strong>\u00bfPensamientos intrusivos? \u00bfFalta de autoestima? \u00bfReflexiones circulares? \u00bfNegatividad?\u2026 La soluci\u00f3n est\u00e1 en tu mente.<\/strong><\/p>\n<p><strong><em>Tras veinte largos a\u00f1os de silencio he decidido compartir en este libro la lucha que en mi juventud tuve que librar contra la anorexia, con la esperanza de que mi ejemplo negativo ayude al lector a reconocer y evitar los pensamientos perjudiciales, ya que c<\/em><\/strong><strong><em>ada pensamiento, por anodino que parezca, determina nuestra realidad.<\/em><\/strong><\/p>\n<p>No podemos escapar de nuestra mente, pero s\u00ed podemos aprender a controlarla \u2014\u00fanica forma de ser realmente nosotros mismos, libres, en vez de esclavos de las circunstancias\u2014; y nuestra libertad es el mayor don que tenemos, con toda la responsabilidad que ello conlleva, pues de nosotros depende ser art\u00edfices de nuestro destino, o meros t\u00edteres a merced de la voluntad ajena.<\/p>\n<p>T\u00fa eliges.<\/p>\n<p>Sin autoestima no hay autonom\u00eda ni independencia. La p\u00e9rdida de la autoestima nos lleva a convertirnos en meros imitadores, con el doble problema de que con ello dejamos de ser nosotros mismos y empezamos a depender de la opini\u00f3n de los dem\u00e1s. Consecuentemente, nos esforzamos desesperadamente en buscar la felicidad en el exterior, a menudo en la aprobaci\u00f3n de los dem\u00e1s, b\u00fasqueda in\u00fatil y abocada al fracaso.<\/p>\n<p>Finalmente, toda felicidad exterior \u2014es decir, toda felicidad que no depende de nosotros\u2014 est\u00e1, por definici\u00f3n, fuera de nuestro control: de ah\u00ed que toda felicidad exterior sea imperfecta, pues es indisociable del temor a que nos la quiten. Es entonces cuando la ansiedad, el miedo, el estr\u00e9s y la inseguridad invaden nuestra mente, generando un circulo vicioso que nos hace todav\u00eda m\u00e1s dependientes y menos libres.<\/p>\n<p><strong>La soluci\u00f3n radica en aprender a aceptarnos tal como somos, en aprender a apreciar nuestro valor, en reconocer que cada uno de nosotros es \u00fanico e irremplazable. Solo cuando nos hayamos aceptado plenamente, con todos nuestras cualidades e imperfecciones, podremos avanzar en el hermoso camino del autoperfeccionamiento, con el objetivo de ser mejores personas, d\u00eda a d\u00eda, sin dejar de ser nosotros mismos.<\/strong><\/p>\n<p><strong>Espero que este libro os ayude a encontrar ese camino.<\/strong><\/p>\n<p><strong>\u00a1\u00c1nimo!<\/strong><\/p>\n","protected":false},"excerpt":{"rendered":"<p>\u201cART\u00cdFICES DEL DESTINO\u201d \u2013 un camino hacia la autoestima y la libertad \u2013 \u00a1Oferta de lanzamiento! Ya disponible en Amazon \u2013 Haz click en la portada para amazon Espa\u00f1a, o en el nombre del pa\u00eds para otros mercados: M\u00e9xico \u2013 USA \u2013 Francia \u2013 Alemania \u2013 Italia \u2013 Reino Unido. \u00a1CAMBIA TU FORMA DE PENSAR<\/p>\n<p class=\"more-link\"><a href=\"https:\/\/vezendi.com\/es\/libros\/artifices-del-destino\/\" class=\"themebutton\">Sigue leyendo<\/a><\/p>\n","protected":false},"author":1,"featured_media":13575,"parent":4762,"menu_order":0,"comment_status":"closed","ping_status":"closed","template":"","meta":{"jetpack_post_was_ever_published":false,"footnotes":""},"class_list":["post-13591","page","type-page","status-publish","has-post-thumbnail","hentry"],"yoast_head":"<!-- This site is optimized with the Yoast SEO plugin v22.7 - https:\/\/yoast.com\/wordpress\/plugins\/seo\/ -->\n<title>ART\u00cdFICES DEL DESTINO - VEZENDI<\/title>\n<meta name=\"robots\" content=\"index, follow, max-snippet:-1, max-image-preview:large, max-video-preview:-1\" \/>\n<link rel=\"canonical\" href=\"https:\/\/vezendi.com\/es\/libros\/artifices-del-destino\/\" \/>\n<meta property=\"og:locale\" content=\"es_ES\" \/>\n<meta property=\"og:type\" content=\"article\" \/>\n<meta property=\"og:title\" content=\"ART\u00cdFICES DEL DESTINO - VEZENDI\" \/>\n<meta property=\"og:description\" content=\"\u201cART\u00cdFICES DEL DESTINO\u201d \u2013 un camino hacia la autoestima y la libertad \u2013 \u00a1Oferta de lanzamiento! Ya disponible en Amazon \u2013 Haz click en la portada para amazon Espa\u00f1a, o en el nombre del pa\u00eds para otros mercados: M\u00e9xico \u2013 USA \u2013 Francia \u2013 Alemania \u2013 Italia \u2013 Reino Unido. \u00a1CAMBIA TU FORMA DE PENSARSigue leyendo\" \/>\n<meta property=\"og:url\" content=\"https:\/\/vezendi.com\/es\/libros\/artifices-del-destino\/\" \/>\n<meta property=\"og:site_name\" content=\"VEZENDI\" \/>\n<meta property=\"article:publisher\" content=\"https:\/\/www.facebook.com\/VezendiBooks\" \/>\n<meta property=\"og:image\" content=\"https:\/\/i0.wp.com\/vezendi.com\/wp-content\/uploads\/2020\/11\/portada_ARTIFICES_eBook-NEWver.-2.jpg?fit=1600%2C2560&ssl=1\" \/>\n\t<meta property=\"og:image:width\" content=\"1600\" \/>\n\t<meta property=\"og:image:height\" content=\"2560\" \/>\n\t<meta property=\"og:image:type\" content=\"image\/jpeg\" \/>\n<meta name=\"twitter:card\" content=\"summary_large_image\" \/>\n<meta name=\"twitter:site\" content=\"@AVezendi\" \/>\n<meta name=\"twitter:label1\" content=\"Tiempo de lectura\" \/>\n\t<meta name=\"twitter:data1\" content=\"2 minutos\" \/>\n<script type=\"application\/ld+json\" class=\"yoast-schema-graph\">{\"@context\":\"https:\/\/schema.org\",\"@graph\":[{\"@type\":\"WebPage\",\"@id\":\"https:\/\/vezendi.com\/es\/libros\/artifices-del-destino\/\",\"url\":\"https:\/\/vezendi.com\/es\/libros\/artifices-del-destino\/\",\"name\":\"ART\u00cdFICES DEL DESTINO - VEZENDI\",\"isPartOf\":{\"@id\":\"https:\/\/aliceblue-seahorse-584180.hostingersite.com\/#website\"},\"primaryImageOfPage\":{\"@id\":\"https:\/\/vezendi.com\/es\/libros\/artifices-del-destino\/#primaryimage\"},\"image\":{\"@id\":\"https:\/\/vezendi.com\/es\/libros\/artifices-del-destino\/#primaryimage\"},\"thumbnailUrl\":\"https:\/\/i0.wp.com\/vezendi.com\/wp-content\/uploads\/2020\/11\/portada_ARTIFICES_eBook-NEWver.-2.jpg?fit=1600%2C2560&ssl=1\",\"datePublished\":\"2020-11-10T08:18:54+00:00\",\"dateModified\":\"2020-11-10T08:18:54+00:00\",\"breadcrumb\":{\"@id\":\"https:\/\/vezendi.com\/es\/libros\/artifices-del-destino\/#breadcrumb\"},\"inLanguage\":\"es\",\"potentialAction\":[{\"@type\":\"ReadAction\",\"target\":[\"https:\/\/vezendi.com\/es\/libros\/artifices-del-destino\/\"]}]},{\"@type\":\"ImageObject\",\"inLanguage\":\"es\",\"@id\":\"https:\/\/vezendi.com\/es\/libros\/artifices-del-destino\/#primaryimage\",\"url\":\"https:\/\/i0.wp.com\/vezendi.com\/wp-content\/uploads\/2020\/11\/portada_ARTIFICES_eBook-NEWver.-2.jpg?fit=1600%2C2560&ssl=1\",\"contentUrl\":\"https:\/\/i0.wp.com\/vezendi.com\/wp-content\/uploads\/2020\/11\/portada_ARTIFICES_eBook-NEWver.-2.jpg?fit=1600%2C2560&ssl=1\",\"width\":1600,\"height\":2560,\"caption\":\"\\\"ART\u00cdFICES DEL DESTINO\\\" - un camino hacia la autoestima y la libertad\"},{\"@type\":\"BreadcrumbList\",\"@id\":\"https:\/\/vezendi.com\/es\/libros\/artifices-del-destino\/#breadcrumb\",\"itemListElement\":[{\"@type\":\"ListItem\",\"position\":1,\"name\":\"Portada\",\"item\":\"https:\/\/aliceblue-seahorse-584180.hostingersite.com\/\"},{\"@type\":\"ListItem\",\"position\":2,\"name\":\"LIBROS\",\"item\":\"https:\/\/vezendi.com\/es\/libros\/\"},{\"@type\":\"ListItem\",\"position\":3,\"name\":\"ART\u00cdFICES DEL DESTINO\"}]},{\"@type\":\"WebSite\",\"@id\":\"https:\/\/aliceblue-seahorse-584180.hostingersite.com\/#website\",\"url\":\"https:\/\/aliceblue-seahorse-584180.hostingersite.com\/\",\"name\":\"VEZENDI\",\"description\":\"Share the freedom!\",\"potentialAction\":[{\"@type\":\"SearchAction\",\"target\":{\"@type\":\"EntryPoint\",\"urlTemplate\":\"https:\/\/aliceblue-seahorse-584180.hostingersite.com\/?s={search_term_string}\"},\"query-input\":\"required name=search_term_string\"}],\"inLanguage\":\"es\"}]}<\/script>\n<!-- \/ Yoast SEO plugin. -->","yoast_head_json":{"title":"ART\u00cdFICES DEL DESTINO - VEZENDI","robots":{"index":"index","follow":"follow","max-snippet":"max-snippet:-1","max-image-preview":"max-image-preview:large","max-video-preview":"max-video-preview:-1"},"canonical":"https:\/\/vezendi.com\/es\/libros\/artifices-del-destino\/","og_locale":"es_ES","og_type":"article","og_title":"ART\u00cdFICES DEL DESTINO - VEZENDI","og_description":"\u201cART\u00cdFICES DEL DESTINO\u201d \u2013 un camino hacia la autoestima y la libertad \u2013 \u00a1Oferta de lanzamiento! Ya disponible en Amazon \u2013 Haz click en la portada para amazon Espa\u00f1a, o en el nombre del pa\u00eds para otros mercados: M\u00e9xico \u2013 USA \u2013 Francia \u2013 Alemania \u2013 Italia \u2013 Reino Unido. \u00a1CAMBIA TU FORMA DE PENSARSigue leyendo","og_url":"https:\/\/vezendi.com\/es\/libros\/artifices-del-destino\/","og_site_name":"VEZENDI","article_publisher":"https:\/\/www.facebook.com\/VezendiBooks","og_image":[{"width":1600,"height":2560,"url":"https:\/\/i0.wp.com\/vezendi.com\/wp-content\/uploads\/2020\/11\/portada_ARTIFICES_eBook-NEWver.-2.jpg?fit=1600%2C2560&ssl=1","type":"image\/jpeg"}],"twitter_card":"summary_large_image","twitter_site":"@AVezendi","twitter_misc":{"Tiempo de lectura":"2 minutos"},"schema":{"@context":"https:\/\/schema.org","@graph":[{"@type":"WebPage","@id":"https:\/\/vezendi.com\/es\/libros\/artifices-del-destino\/","url":"https:\/\/vezendi.com\/es\/libros\/artifices-del-destino\/","name":"ART\u00cdFICES DEL DESTINO - VEZENDI","isPartOf":{"@id":"https:\/\/aliceblue-seahorse-584180.hostingersite.com\/#website"},"primaryImageOfPage":{"@id":"https:\/\/vezendi.com\/es\/libros\/artifices-del-destino\/#primaryimage"},"image":{"@id":"https:\/\/vezendi.com\/es\/libros\/artifices-del-destino\/#primaryimage"},"thumbnailUrl":"https:\/\/i0.wp.com\/vezendi.com\/wp-content\/uploads\/2020\/11\/portada_ARTIFICES_eBook-NEWver.-2.jpg?fit=1600%2C2560&ssl=1","datePublished":"2020-11-10T08:18:54+00:00","dateModified":"2020-11-10T08:18:54+00:00","breadcrumb":{"@id":"https:\/\/vezendi.com\/es\/libros\/artifices-del-destino\/#breadcrumb"},"inLanguage":"es","potentialAction":[{"@type":"ReadAction","target":["https:\/\/vezendi.com\/es\/libros\/artifices-del-destino\/"]}]},{"@type":"ImageObject","inLanguage":"es","@id":"https:\/\/vezendi.com\/es\/libros\/artifices-del-destino\/#primaryimage","url":"https:\/\/i0.wp.com\/vezendi.com\/wp-content\/uploads\/2020\/11\/portada_ARTIFICES_eBook-NEWver.-2.jpg?fit=1600%2C2560&ssl=1","contentUrl":"https:\/\/i0.wp.com\/vezendi.com\/wp-content\/uploads\/2020\/11\/portada_ARTIFICES_eBook-NEWver.-2.jpg?fit=1600%2C2560&ssl=1","width":1600,"height":2560,"caption":"\"ART\u00cdFICES DEL DESTINO\" - un camino hacia la autoestima y la libertad"},{"@type":"BreadcrumbList","@id":"https:\/\/vezendi.com\/es\/libros\/artifices-del-destino\/#breadcrumb","itemListElement":[{"@type":"ListItem","position":1,"name":"Portada","item":"https:\/\/aliceblue-seahorse-584180.hostingersite.com\/"},{"@type":"ListItem","position":2,"name":"LIBROS","item":"https:\/\/vezendi.com\/es\/libros\/"},{"@type":"ListItem","position":3,"name":"ART\u00cdFICES DEL DESTINO"}]},{"@type":"WebSite","@id":"https:\/\/aliceblue-seahorse-584180.hostingersite.com\/#website","url":"https:\/\/aliceblue-seahorse-584180.hostingersite.com\/","name":"VEZENDI","description":"Share the freedom!","potentialAction":[{"@type":"SearchAction","target":{"@type":"EntryPoint","urlTemplate":"https:\/\/aliceblue-seahorse-584180.hostingersite.com\/?s={search_term_string}"},"query-input":"required name=search_term_string"}],"inLanguage":"es"}]}},"jetpack_sharing_enabled":true,"jetpack_shortlink":"https:\/\/wp.me\/ParTtp-3xd","_links":{"self":[{"href":"https:\/\/vezendi.com\/es\/wp-json\/wp\/v2\/pages\/13591","targetHints":{"allow":["GET"]}}],"collection":[{"href":"https:\/\/vezendi.com\/es\/wp-json\/wp\/v2\/pages"}],"about":[{"href":"https:\/\/vezendi.com\/es\/wp-json\/wp\/v2\/types\/page"}],"author":[{"embeddable":true,"href":"https:\/\/vezendi.com\/es\/wp-json\/wp\/v2\/users\/1"}],"replies":[{"embeddable":true,"href":"https:\/\/vezendi.com\/es\/wp-json\/wp\/v2\/comments?post=13591"}],"version-history":[{"count":1,"href":"https:\/\/vezendi.com\/es\/wp-json\/wp\/v2\/pages\/13591\/revisions"}],"predecessor-version":[{"id":13592,"href":"https:\/\/vezendi.com\/es\/wp-json\/wp\/v2\/pages\/13591\/revisions\/13592"}],"up":[{"embeddable":true,"href":"https:\/\/vezendi.com\/es\/wp-json\/wp\/v2\/pages\/4762"}],"wp:featuredmedia":[{"embeddable":true,"href":"https:\/\/vezendi.com\/es\/wp-json\/wp\/v2\/media\/13575"}],"wp:attachment":[{"href":"https:\/\/vezendi.com\/es\/wp-json\/wp\/v2\/media?parent=13591"}],"curies":[{"name":"wp","href":"https:\/\/api.w.org\/{rel}","templated":true}]}}