{"id":4749,"date":"2019-08-25T16:01:51","date_gmt":"2019-08-25T15:01:51","guid":{"rendered":"https:\/\/vezendi.com\/tienda\/"},"modified":"2020-01-31T17:51:18","modified_gmt":"2020-01-31T16:51:18","slug":"tienda","status":"publish","type":"page","link":"https:\/\/vezendi.com\/es\/tienda\/","title":{"rendered":"TIENDA"},"content":{"rendered":"<blockquote><p><span style=\"font-size: 14pt;\"><strong>\u00a1COMPRA LOCAL! \u00a1PROTEGE EL PLANETA! \u00a1AHORRA DINERO!<\/strong><\/span><\/p><\/blockquote>\n<p><strong>Haz click en la portada de cada libro, o vete directamente a\u00a0<a href=\"https:\/\/amazon.com\/author\/alberto.vezendi\" target=\"_blank\" rel=\"noopener noreferrer\">AMAZON<\/a> o <a href=\"https:\/\/www.kobo.com\/search?query=alberto+vezendi\" target=\"_blank\" rel=\"noopener noreferrer\">KOBO<\/a> o <a href=\"https:\/\/play.google.com\/store\/books\/author?id=Alberto+Vezendi\" target=\"_blank\" rel=\"noopener noreferrer\">GOOGLE PLAY<\/a>, donde los podr\u00e1s adquirir en eBook y en edici\u00f3n impresa en tapa blanda.<\/strong><\/p>\n<div id=\"attachment_6153\" style=\"width: 257px\" class=\"wp-caption alignleft\"><a href=\"https:\/\/amazon.com\/author\/alberto.vezendi\" target=\"_blank\" rel=\"noopener noreferrer\"><img data-recalc-dims=\"1\" loading=\"lazy\" decoding=\"async\" aria-describedby=\"caption-attachment-6153\" class=\"wp-image-6153\" src=\"https:\/\/i0.wp.com\/vezendi.com\/wp-content\/uploads\/2019\/09\/2019_08_30_Look_COVER_EBOOK_KDP_final_no-square.jpg?resize=247%2C380&#038;ssl=1\" alt=\"Looking for Happiness? Look Inside! - Portada\" width=\"247\" height=\"380\" srcset=\"https:\/\/i0.wp.com\/vezendi.com\/wp-content\/uploads\/2019\/09\/2019_08_30_Look_COVER_EBOOK_KDP_final_no-square.jpg?w=1566&amp;ssl=1 1566w, https:\/\/i0.wp.com\/vezendi.com\/wp-content\/uploads\/2019\/09\/2019_08_30_Look_COVER_EBOOK_KDP_final_no-square.jpg?resize=195%2C300&amp;ssl=1 195w, https:\/\/i0.wp.com\/vezendi.com\/wp-content\/uploads\/2019\/09\/2019_08_30_Look_COVER_EBOOK_KDP_final_no-square.jpg?resize=768%2C1181&amp;ssl=1 768w, https:\/\/i0.wp.com\/vezendi.com\/wp-content\/uploads\/2019\/09\/2019_08_30_Look_COVER_EBOOK_KDP_final_no-square.jpg?resize=666%2C1024&amp;ssl=1 666w, https:\/\/i0.wp.com\/vezendi.com\/wp-content\/uploads\/2019\/09\/2019_08_30_Look_COVER_EBOOK_KDP_final_no-square.jpg?resize=300%2C461&amp;ssl=1 300w, https:\/\/i0.wp.com\/vezendi.com\/wp-content\/uploads\/2019\/09\/2019_08_30_Look_COVER_EBOOK_KDP_final_no-square.jpg?resize=600%2C923&amp;ssl=1 600w\" sizes=\"auto, (max-width: 247px) 100vw, 247px\" \/><\/a><p id=\"caption-attachment-6153\" class=\"wp-caption-text\">Looking for Happiness? Look Inside! &#8211; Portada<\/p><\/div>\n<div id=\"attachment_6165\" style=\"width: 247px\" class=\"wp-caption alignleft\"><a href=\"https:\/\/www.kobo.com\/search?query=alberto+vezendi\" target=\"_blank\" rel=\"noopener noreferrer\"><img data-recalc-dims=\"1\" loading=\"lazy\" decoding=\"async\" aria-describedby=\"caption-attachment-6165\" class=\"wp-image-6165\" src=\"https:\/\/i0.wp.com\/vezendi.com\/wp-content\/uploads\/2019\/09\/Awake-arise-or-be-forever-fallen-by-A.-Vezendi-2019_07_11-COVER.jpg?resize=237%2C380&#038;ssl=1\" alt=\"Awake, Arise, or Be Forever Fallen! - book cover\" width=\"237\" height=\"380\" srcset=\"https:\/\/i0.wp.com\/vezendi.com\/wp-content\/uploads\/2019\/09\/Awake-arise-or-be-forever-fallen-by-A.-Vezendi-2019_07_11-COVER.jpg?w=1543&amp;ssl=1 1543w, https:\/\/i0.wp.com\/vezendi.com\/wp-content\/uploads\/2019\/09\/Awake-arise-or-be-forever-fallen-by-A.-Vezendi-2019_07_11-COVER.jpg?resize=187%2C300&amp;ssl=1 187w, https:\/\/i0.wp.com\/vezendi.com\/wp-content\/uploads\/2019\/09\/Awake-arise-or-be-forever-fallen-by-A.-Vezendi-2019_07_11-COVER.jpg?resize=768%2C1229&amp;ssl=1 768w, https:\/\/i0.wp.com\/vezendi.com\/wp-content\/uploads\/2019\/09\/Awake-arise-or-be-forever-fallen-by-A.-Vezendi-2019_07_11-COVER.jpg?resize=640%2C1024&amp;ssl=1 640w, https:\/\/i0.wp.com\/vezendi.com\/wp-content\/uploads\/2019\/09\/Awake-arise-or-be-forever-fallen-by-A.-Vezendi-2019_07_11-COVER.jpg?resize=300%2C480&amp;ssl=1 300w, https:\/\/i0.wp.com\/vezendi.com\/wp-content\/uploads\/2019\/09\/Awake-arise-or-be-forever-fallen-by-A.-Vezendi-2019_07_11-COVER.jpg?resize=600%2C960&amp;ssl=1 600w\" sizes=\"auto, (max-width: 237px) 100vw, 237px\" \/><\/a><p id=\"caption-attachment-6165\" class=\"wp-caption-text\">Awake, Arise, or Be Forever Fallen! &#8211; book cover<\/p><\/div>\n<div id=\"attachment_11367\" style=\"width: 247px\" class=\"wp-caption alignleft\"><a href=\"https:\/\/amazon.com\/author\/alberto.vezendi\" target=\"_blank\" rel=\"noopener noreferrer\"><img data-recalc-dims=\"1\" loading=\"lazy\" decoding=\"async\" aria-describedby=\"caption-attachment-11367\" class=\"wp-image-11367 \" src=\"https:\/\/i0.wp.com\/vezendi.com\/wp-content\/uploads\/2020\/01\/2020_01-Lux-Cover-enhanced-188x300.jpg?resize=237%2C379&#038;ssl=1\" alt=\"Post Tenebras Lux _ ebook cover\" width=\"237\" height=\"379\" srcset=\"https:\/\/i0.wp.com\/vezendi.com\/wp-content\/uploads\/2020\/01\/2020_01-Lux-Cover-enhanced.jpg?resize=188%2C300&amp;ssl=1 188w, https:\/\/i0.wp.com\/vezendi.com\/wp-content\/uploads\/2020\/01\/2020_01-Lux-Cover-enhanced.jpg?resize=640%2C1024&amp;ssl=1 640w, https:\/\/i0.wp.com\/vezendi.com\/wp-content\/uploads\/2020\/01\/2020_01-Lux-Cover-enhanced.jpg?resize=768%2C1229&amp;ssl=1 768w, https:\/\/i0.wp.com\/vezendi.com\/wp-content\/uploads\/2020\/01\/2020_01-Lux-Cover-enhanced.jpg?resize=960%2C1536&amp;ssl=1 960w, https:\/\/i0.wp.com\/vezendi.com\/wp-content\/uploads\/2020\/01\/2020_01-Lux-Cover-enhanced.jpg?resize=1280%2C2048&amp;ssl=1 1280w, https:\/\/i0.wp.com\/vezendi.com\/wp-content\/uploads\/2020\/01\/2020_01-Lux-Cover-enhanced.jpg?resize=300%2C480&amp;ssl=1 300w, https:\/\/i0.wp.com\/vezendi.com\/wp-content\/uploads\/2020\/01\/2020_01-Lux-Cover-enhanced.jpg?resize=600%2C960&amp;ssl=1 600w, https:\/\/i0.wp.com\/vezendi.com\/wp-content\/uploads\/2020\/01\/2020_01-Lux-Cover-enhanced.jpg?w=1600&amp;ssl=1 1600w\" sizes=\"auto, (max-width: 237px) 100vw, 237px\" \/><\/a><p id=\"caption-attachment-11367\" class=\"wp-caption-text\">Post Tenebras Lux _ ebook cover<\/p><\/div>\n<p>&nbsp;<\/p>\n<p>&nbsp;<\/p>\n<p>&nbsp;<\/p>\n<p>&nbsp;<\/p>\n<p>&nbsp;<\/p>\n<p>&nbsp;<\/p>\n<p>&nbsp;<\/p>\n<p>&nbsp;<\/p>\n<p>&nbsp;<\/p>\n<p>&nbsp;<\/p>\n<p>&nbsp;<\/p>\n<p>&nbsp;<\/p>\n<p>Mis libros est\u00e1n disponibles en formato de tapa blanda y libro electr\u00f3nico en los siguientes mercados, elige el enlace m\u00e1s adecuado para tu ubicaci\u00f3n:<\/p>\n<p><a href=\"https:\/\/www.kobo.com\/search?query=alberto+vezendi\" target=\"_blank\" rel=\"noopener noreferrer\">Kobo<\/a><\/p>\n<p><a href=\"https:\/\/play.google.com\/store\/books\/author?id=Alberto+Vezendi\" target=\"_blank\" rel=\"noopener noreferrer\">Google Play &amp; Google Books<\/a><\/p>\n<p><a href=\"https:\/\/amazon.com\/author\/alberto.vezendi\" target=\"_blank\" rel=\"noopener noreferrer\">Amazon EE.UU. (y resto del mundo)<\/a><\/p>\n<p><a href=\"https:\/\/www.amazon.es\/l\/B07SRKGW93\" target=\"_blank\" rel=\"noopener noreferrer\">Amazon Espa\u00f1a (y Andorra)<\/a><\/p>\n<p><a href=\"https:\/\/www.amazon.co.uk\/l\/B07SRKGW93\" target=\"_blank\" rel=\"noopener noreferrer\">Amazon Reino Unido (e Irlanda)<\/a><\/p>\n<p><a href=\"https:\/\/www.amazon.de\/l\/B07SRKGW93\" target=\"_blank\" rel=\"noopener noreferrer\">Amazon Alemania (y Austria, Suiza, B\u00e9lgica, Pa\u00edses Bajos y Luxemburgo)<\/a><\/p>\n<p><a href=\"https:\/\/www.amazon.fr\/Alberto-Vezendi\/e\/B07SRKGW93\" target=\"_blank\" rel=\"noopener noreferrer\">Amazon Francia (y Suiza, B\u00e9lgica, Pa\u00edses Bajos y Luxemburgo)<\/a><\/p>\n<p><a href=\"https:\/\/www.amazon.it\/l\/B07SRKGW93\" target=\"_blank\" rel=\"noopener noreferrer\">Amazon Italia (y Suiza, Vaticano y San Marino)<\/a><\/p>\n<p>Amazon Canad\u00e1<\/p>\n<ul>\n<li><a href=\"https:\/\/amazon.com\/author\/alberto.vezendi\" target=\"_blank\" rel=\"noopener noreferrer\">Tapa Blanda Canad\u00e1<\/a><\/li>\n<li><a href=\"https:\/\/www.amazon.ca\/dp\/B07SVMB318\" target=\"_blank\" rel=\"noopener noreferrer\">eBook Canad\u00e1<\/a><\/li>\n<\/ul>\n<p>Amazon India<\/p>\n<ul>\n<li><a href=\"https:\/\/amazon.com\/author\/alberto.vezendi\" target=\"_blank\" rel=\"noopener noreferrer\">Tapa blanda India<\/a><\/li>\n<li><a href=\"https:\/\/www.amazon.in\/dp\/B07SVMB318\" target=\"_blank\" rel=\"noopener noreferrer\">eBook India<\/a><\/li>\n<\/ul>\n<p>Amazon Australia (y Nueva Zelanda + Islas del Pac\u00edfico)<\/p>\n<ul>\n<li><a href=\"https:\/\/amazon.com\/author\/alberto.vezendi\" target=\"_blank\" rel=\"noopener noreferrer\">Tapa blanda Australia<\/a><\/li>\n<li><a href=\"https:\/\/www.amazon.com.au\/dp\/B07SVMB318\" target=\"_blank\" rel=\"noopener noreferrer\">eBook Australia<\/a><\/li>\n<\/ul>\n<p>Amazon M\u00e9xico<\/p>\n<ul>\n<li><a href=\"https:\/\/amazon.com\/author\/alberto.vezendi\" target=\"_blank\" rel=\"noopener noreferrer\">Tapa blanda M\u00e9xico<\/a><\/li>\n<li><a href=\"https:\/\/www.amazon.com.mx\/dp\/B07SVMB318\" target=\"_blank\" rel=\"noopener noreferrer\">eBook M\u00e9xico<\/a><\/li>\n<\/ul>\n<p>Amazon Brasil<\/p>\n<ul>\n<li><a href=\"https:\/\/amazon.com\/author\/alberto.vezendi\" target=\"_blank\" rel=\"noopener noreferrer\">Tapa blanda Brasil<\/a><\/li>\n<li><a href=\"https:\/\/www.amazon.com.br\/dp\/B07SVMB318\" target=\"_blank\" rel=\"noopener noreferrer\">eBook Brasil<\/a><\/li>\n<\/ul>\n<p>&nbsp;<\/p>\n<p>&nbsp;<\/p>\n<p>&nbsp;<\/p>\n<p>&nbsp;<\/p>\n","protected":false},"excerpt":{"rendered":"<p>\u00a1COMPRA LOCAL! \u00a1PROTEGE EL PLANETA! \u00a1AHORRA DINERO! Haz click en la portada de cada libro, o vete directamente a\u00a0AMAZON o KOBO o GOOGLE PLAY, donde los podr\u00e1s adquirir en eBook y en edici\u00f3n impresa en tapa blanda. &nbsp; &nbsp; &nbsp; &nbsp; &nbsp; &nbsp; &nbsp; &nbsp; &nbsp; &nbsp; &nbsp; &nbsp; Mis libros est\u00e1n disponibles en formato<\/p>\n<p class=\"more-link\"><a href=\"https:\/\/vezendi.com\/es\/tienda\/\" class=\"themebutton\">Sigue leyendo<\/a><\/p>\n","protected":false},"author":1,"featured_media":6153,"parent":0,"menu_order":0,"comment_status":"open","ping_status":"closed","template":"","meta":{"jetpack_post_was_ever_published":false,"footnotes":""},"class_list":["post-4749","page","type-page","status-publish","has-post-thumbnail","hentry"],"yoast_head":"<!-- This site is optimized with the Yoast SEO plugin v22.7 - https:\/\/yoast.com\/wordpress\/plugins\/seo\/ -->\n<title>TIENDA - VEZENDI<\/title>\n<meta name=\"robots\" content=\"index, follow, max-snippet:-1, max-image-preview:large, max-video-preview:-1\" \/>\n<link rel=\"canonical\" href=\"https:\/\/vezendi.com\/es\/tienda\/\" \/>\n<meta property=\"og:locale\" content=\"es_ES\" \/>\n<meta property=\"og:type\" content=\"article\" \/>\n<meta property=\"og:title\" content=\"TIENDA - VEZENDI\" \/>\n<meta property=\"og:description\" content=\"\u00a1COMPRA LOCAL! \u00a1PROTEGE EL PLANETA! \u00a1AHORRA DINERO! Haz click en la portada de cada libro, o vete directamente a\u00a0AMAZON o KOBO o GOOGLE PLAY, donde los podr\u00e1s adquirir en eBook y en edici\u00f3n impresa en tapa blanda. &nbsp; &nbsp; &nbsp; &nbsp; &nbsp; &nbsp; &nbsp; &nbsp; &nbsp; &nbsp; &nbsp; &nbsp; Mis libros est\u00e1n disponibles en formatoSigue leyendo\" \/>\n<meta property=\"og:url\" content=\"https:\/\/vezendi.com\/es\/tienda\/\" \/>\n<meta property=\"og:site_name\" content=\"VEZENDI\" \/>\n<meta property=\"article:publisher\" content=\"https:\/\/www.facebook.com\/VezendiBooks\" \/>\n<meta property=\"article:modified_time\" content=\"2020-01-31T16:51:18+00:00\" \/>\n<meta property=\"og:image\" content=\"https:\/\/i0.wp.com\/vezendi.com\/wp-content\/uploads\/2019\/09\/2019_08_30_Look_COVER_EBOOK_KDP_final_no-square.jpg?fit=1566%2C2409&ssl=1\" \/>\n\t<meta property=\"og:image:width\" content=\"1566\" \/>\n\t<meta property=\"og:image:height\" content=\"2409\" \/>\n\t<meta property=\"og:image:type\" content=\"image\/jpeg\" \/>\n<meta name=\"twitter:card\" content=\"summary_large_image\" \/>\n<meta name=\"twitter:site\" content=\"@AVezendi\" \/>\n<meta name=\"twitter:label1\" content=\"Tiempo de lectura\" \/>\n\t<meta name=\"twitter:data1\" content=\"1 minuto\" \/>\n<script type=\"application\/ld+json\" class=\"yoast-schema-graph\">{\"@context\":\"https:\/\/schema.org\",\"@graph\":[{\"@type\":\"WebPage\",\"@id\":\"https:\/\/vezendi.com\/es\/tienda\/\",\"url\":\"https:\/\/vezendi.com\/es\/tienda\/\",\"name\":\"TIENDA - VEZENDI\",\"isPartOf\":{\"@id\":\"https:\/\/aliceblue-seahorse-584180.hostingersite.com\/#website\"},\"primaryImageOfPage\":{\"@id\":\"https:\/\/vezendi.com\/es\/tienda\/#primaryimage\"},\"image\":{\"@id\":\"https:\/\/vezendi.com\/es\/tienda\/#primaryimage\"},\"thumbnailUrl\":\"https:\/\/i0.wp.com\/vezendi.com\/wp-content\/uploads\/2019\/09\/2019_08_30_Look_COVER_EBOOK_KDP_final_no-square.jpg?fit=1566%2C2409&ssl=1\",\"datePublished\":\"2019-08-25T15:01:51+00:00\",\"dateModified\":\"2020-01-31T16:51:18+00:00\",\"breadcrumb\":{\"@id\":\"https:\/\/vezendi.com\/es\/tienda\/#breadcrumb\"},\"inLanguage\":\"es\",\"potentialAction\":[{\"@type\":\"ReadAction\",\"target\":[\"https:\/\/vezendi.com\/es\/tienda\/\"]}]},{\"@type\":\"ImageObject\",\"inLanguage\":\"es\",\"@id\":\"https:\/\/vezendi.com\/es\/tienda\/#primaryimage\",\"url\":\"https:\/\/i0.wp.com\/vezendi.com\/wp-content\/uploads\/2019\/09\/2019_08_30_Look_COVER_EBOOK_KDP_final_no-square.jpg?fit=1566%2C2409&ssl=1\",\"contentUrl\":\"https:\/\/i0.wp.com\/vezendi.com\/wp-content\/uploads\/2019\/09\/2019_08_30_Look_COVER_EBOOK_KDP_final_no-square.jpg?fit=1566%2C2409&ssl=1\",\"width\":1566,\"height\":2409,\"caption\":\"Looking for Happiness? Look Inside! - Portada\"},{\"@type\":\"BreadcrumbList\",\"@id\":\"https:\/\/vezendi.com\/es\/tienda\/#breadcrumb\",\"itemListElement\":[{\"@type\":\"ListItem\",\"position\":1,\"name\":\"Portada\",\"item\":\"https:\/\/aliceblue-seahorse-584180.hostingersite.com\/\"},{\"@type\":\"ListItem\",\"position\":2,\"name\":\"TIENDA\"}]},{\"@type\":\"WebSite\",\"@id\":\"https:\/\/aliceblue-seahorse-584180.hostingersite.com\/#website\",\"url\":\"https:\/\/aliceblue-seahorse-584180.hostingersite.com\/\",\"name\":\"VEZENDI\",\"description\":\"Share the freedom!\",\"potentialAction\":[{\"@type\":\"SearchAction\",\"target\":{\"@type\":\"EntryPoint\",\"urlTemplate\":\"https:\/\/aliceblue-seahorse-584180.hostingersite.com\/?s={search_term_string}\"},\"query-input\":\"required name=search_term_string\"}],\"inLanguage\":\"es\"}]}<\/script>\n<!-- \/ Yoast SEO plugin. -->","yoast_head_json":{"title":"TIENDA - VEZENDI","robots":{"index":"index","follow":"follow","max-snippet":"max-snippet:-1","max-image-preview":"max-image-preview:large","max-video-preview":"max-video-preview:-1"},"canonical":"https:\/\/vezendi.com\/es\/tienda\/","og_locale":"es_ES","og_type":"article","og_title":"TIENDA - VEZENDI","og_description":"\u00a1COMPRA LOCAL! \u00a1PROTEGE EL PLANETA! \u00a1AHORRA DINERO! Haz click en la portada de cada libro, o vete directamente a\u00a0AMAZON o KOBO o GOOGLE PLAY, donde los podr\u00e1s adquirir en eBook y en edici\u00f3n impresa en tapa blanda. &nbsp; &nbsp; &nbsp; &nbsp; &nbsp; &nbsp; &nbsp; &nbsp; &nbsp; &nbsp; &nbsp; &nbsp; Mis libros est\u00e1n disponibles en formatoSigue leyendo","og_url":"https:\/\/vezendi.com\/es\/tienda\/","og_site_name":"VEZENDI","article_publisher":"https:\/\/www.facebook.com\/VezendiBooks","article_modified_time":"2020-01-31T16:51:18+00:00","og_image":[{"width":1566,"height":2409,"url":"https:\/\/i0.wp.com\/vezendi.com\/wp-content\/uploads\/2019\/09\/2019_08_30_Look_COVER_EBOOK_KDP_final_no-square.jpg?fit=1566%2C2409&ssl=1","type":"image\/jpeg"}],"twitter_card":"summary_large_image","twitter_site":"@AVezendi","twitter_misc":{"Tiempo de lectura":"1 minuto"},"schema":{"@context":"https:\/\/schema.org","@graph":[{"@type":"WebPage","@id":"https:\/\/vezendi.com\/es\/tienda\/","url":"https:\/\/vezendi.com\/es\/tienda\/","name":"TIENDA - VEZENDI","isPartOf":{"@id":"https:\/\/aliceblue-seahorse-584180.hostingersite.com\/#website"},"primaryImageOfPage":{"@id":"https:\/\/vezendi.com\/es\/tienda\/#primaryimage"},"image":{"@id":"https:\/\/vezendi.com\/es\/tienda\/#primaryimage"},"thumbnailUrl":"https:\/\/i0.wp.com\/vezendi.com\/wp-content\/uploads\/2019\/09\/2019_08_30_Look_COVER_EBOOK_KDP_final_no-square.jpg?fit=1566%2C2409&ssl=1","datePublished":"2019-08-25T15:01:51+00:00","dateModified":"2020-01-31T16:51:18+00:00","breadcrumb":{"@id":"https:\/\/vezendi.com\/es\/tienda\/#breadcrumb"},"inLanguage":"es","potentialAction":[{"@type":"ReadAction","target":["https:\/\/vezendi.com\/es\/tienda\/"]}]},{"@type":"ImageObject","inLanguage":"es","@id":"https:\/\/vezendi.com\/es\/tienda\/#primaryimage","url":"https:\/\/i0.wp.com\/vezendi.com\/wp-content\/uploads\/2019\/09\/2019_08_30_Look_COVER_EBOOK_KDP_final_no-square.jpg?fit=1566%2C2409&ssl=1","contentUrl":"https:\/\/i0.wp.com\/vezendi.com\/wp-content\/uploads\/2019\/09\/2019_08_30_Look_COVER_EBOOK_KDP_final_no-square.jpg?fit=1566%2C2409&ssl=1","width":1566,"height":2409,"caption":"Looking for Happiness? Look Inside! - Portada"},{"@type":"BreadcrumbList","@id":"https:\/\/vezendi.com\/es\/tienda\/#breadcrumb","itemListElement":[{"@type":"ListItem","position":1,"name":"Portada","item":"https:\/\/aliceblue-seahorse-584180.hostingersite.com\/"},{"@type":"ListItem","position":2,"name":"TIENDA"}]},{"@type":"WebSite","@id":"https:\/\/aliceblue-seahorse-584180.hostingersite.com\/#website","url":"https:\/\/aliceblue-seahorse-584180.hostingersite.com\/","name":"VEZENDI","description":"Share the freedom!","potentialAction":[{"@type":"SearchAction","target":{"@type":"EntryPoint","urlTemplate":"https:\/\/aliceblue-seahorse-584180.hostingersite.com\/?s={search_term_string}"},"query-input":"required name=search_term_string"}],"inLanguage":"es"}]}},"jetpack_sharing_enabled":true,"jetpack_shortlink":"https:\/\/wp.me\/ParTtp-1eB","_links":{"self":[{"href":"https:\/\/vezendi.com\/es\/wp-json\/wp\/v2\/pages\/4749","targetHints":{"allow":["GET"]}}],"collection":[{"href":"https:\/\/vezendi.com\/es\/wp-json\/wp\/v2\/pages"}],"about":[{"href":"https:\/\/vezendi.com\/es\/wp-json\/wp\/v2\/types\/page"}],"author":[{"embeddable":true,"href":"https:\/\/vezendi.com\/es\/wp-json\/wp\/v2\/users\/1"}],"replies":[{"embeddable":true,"href":"https:\/\/vezendi.com\/es\/wp-json\/wp\/v2\/comments?post=4749"}],"version-history":[{"count":7,"href":"https:\/\/vezendi.com\/es\/wp-json\/wp\/v2\/pages\/4749\/revisions"}],"predecessor-version":[{"id":11371,"href":"https:\/\/vezendi.com\/es\/wp-json\/wp\/v2\/pages\/4749\/revisions\/11371"}],"wp:featuredmedia":[{"embeddable":true,"href":"https:\/\/vezendi.com\/es\/wp-json\/wp\/v2\/media\/6153"}],"wp:attachment":[{"href":"https:\/\/vezendi.com\/es\/wp-json\/wp\/v2\/media?parent=4749"}],"curies":[{"name":"wp","href":"https:\/\/api.w.org\/{rel}","templated":true}]}}