{"id":4758,"date":"2019-08-25T16:13:49","date_gmt":"2019-08-25T15:13:49","guid":{"rendered":"https:\/\/vezendi.com\/looking-for-happiness-look-inside-lanzamiento-del-libro\/"},"modified":"2020-10-18T16:06:44","modified_gmt":"2020-10-18T15:06:44","slug":"looking-for-happiness-look-inside-lanzamiento-del-libro","status":"publish","type":"page","link":"https:\/\/vezendi.com\/es\/libros\/looking-for-happiness-look-inside-lanzamiento-del-libro\/","title":{"rendered":"LOOKING FOR HAPPINESS? LOOK INSIDE!"},"content":{"rendered":"\r\n<h3>Mi libro <em><a href=\"https:\/\/amazon.com\/author\/alberto.vezendi\" target=\"_blank\" rel=\"noopener noreferrer\">Looking for Happiness? Look Inside!<\/a><\/em> \u00a1Ya est\u00e1 disponible, por ahora en ingl\u00e9s, en <a href=\"http:\/\/amazon.com\/author\/alberto.vezendi\" target=\"_blank\" rel=\"noopener noreferrer\">Amazon<\/a> en formatos de tapa blanda y eBook!<\/h3>\r\n<blockquote>\r\n<p><strong>Si crees que podr\u00edas ser m\u00e1s feliz,<\/strong><\/p>\r\n<p><strong>Si crees en el desarrollo personal,<\/strong><\/p>\r\n<p><strong>entonces \u00a1ESTE LIBRO ES PARA TI!<\/strong><\/p>\r\n<\/blockquote>\r\n<p>Con este libro deseo mostrar a los lectores c\u00f3mo superar los dos principales obst\u00e1culos a la felicidad: el apego y la ansiedad. Los lectores ver\u00e1n que el desapego y la capacidad de dejar de preocuparse no son dones exclusivos de los elegidos, ni talentos innatos reservados para unos pocos, sino habilidades que se pueden aprender en cualquier momento de la vida, independientemente de nuestra situaci\u00f3n. La soluci\u00f3n para vivir mejor est\u00e1 en tus manos: \u00a1deja que este libro te ayude a liberarte del lastre de tus preocupaciones!<\/p>\r\n\r\n\r\n\r\n\r\n\r\n\r\n\r\n<p>No esperes hasta que sea demasiado tarde: \u00a1ahora o nunca!<\/p>\r\n<div id=\"attachment_6153\" style=\"width: 610px\" class=\"wp-caption aligncenter\"><a href=\"https:\/\/www.amazon.com\/Alberto-Vezendi\/e\/B07SRKGW93\" target=\"_blank\" rel=\"noopener noreferrer\"><img data-recalc-dims=\"1\" loading=\"lazy\" decoding=\"async\" aria-describedby=\"caption-attachment-6153\" class=\"wp-image-6153\" src=\"https:\/\/i0.wp.com\/vezendi.com\/wp-content\/uploads\/2019\/09\/2019_08_30_Look_COVER_EBOOK_KDP_final_no-square.jpg?resize=600%2C923&#038;ssl=1\" alt=\"Looking for Happiness? Look Inside! - Portada\" width=\"600\" height=\"923\" srcset=\"https:\/\/i0.wp.com\/vezendi.com\/wp-content\/uploads\/2019\/09\/2019_08_30_Look_COVER_EBOOK_KDP_final_no-square.jpg?w=1566&amp;ssl=1 1566w, https:\/\/i0.wp.com\/vezendi.com\/wp-content\/uploads\/2019\/09\/2019_08_30_Look_COVER_EBOOK_KDP_final_no-square.jpg?resize=195%2C300&amp;ssl=1 195w, https:\/\/i0.wp.com\/vezendi.com\/wp-content\/uploads\/2019\/09\/2019_08_30_Look_COVER_EBOOK_KDP_final_no-square.jpg?resize=768%2C1181&amp;ssl=1 768w, https:\/\/i0.wp.com\/vezendi.com\/wp-content\/uploads\/2019\/09\/2019_08_30_Look_COVER_EBOOK_KDP_final_no-square.jpg?resize=666%2C1024&amp;ssl=1 666w, https:\/\/i0.wp.com\/vezendi.com\/wp-content\/uploads\/2019\/09\/2019_08_30_Look_COVER_EBOOK_KDP_final_no-square.jpg?resize=300%2C461&amp;ssl=1 300w, https:\/\/i0.wp.com\/vezendi.com\/wp-content\/uploads\/2019\/09\/2019_08_30_Look_COVER_EBOOK_KDP_final_no-square.jpg?resize=600%2C923&amp;ssl=1 600w\" sizes=\"auto, (max-width: 600px) 100vw, 600px\" \/><\/a><p id=\"caption-attachment-6153\" class=\"wp-caption-text\">Looking for Happiness? Look Inside! &#8211; Portada<\/p><\/div>\r\n\r\n      <style>\r\n  #goodreads-widget {\r\n    font-family: georgia, serif;\r\n    padding: 18px 0;\r\n    width:1100px;\r\n  }\r\n  #goodreads-widget h1 {\r\n    font-weight:normal;\r\n    font-size: 16px;\r\n    border-bottom: 1px solid #BBB596;\r\n    margin-bottom: 0;\r\n  }\r\n  #goodreads-widget a {\r\n    text-decoration: none;\r\n    color:#660;\r\n  }\r\n  iframe{\r\n    background-color: #fef9d9;\r\n  }\r\n  #goodreads-widget a:hover { text-decoration: underline; }\r\n  #goodreads-widget a:active {\r\n    color:#660;\r\n  }\r\n  #gr_footer {\r\n    width: 100%;\r\n    border-top: 1px solid #BBB596;\r\n    text-align: right;\r\n  }\r\n  #goodreads-widget .gr_branding{\r\n    color: #382110;\r\n    font-size: 11px;\r\n    text-decoration: none;\r\n    font-family: \"Helvetica Neue\", Helvetica, Arial, sans-serif;\r\n  }\r\n<\/style>\r\n<div id=\"goodreads-widget\">\r\n  <div id=\"gr_header\"><h1><a rel=\"nofollow\" href=\"https:\/\/www.goodreads.com\/book\/show\/46218513-looking-for-happiness-look-inside-a-farewell-to-anxiety\">Rese\u00f1as de Goodreads sobre \u00abLOOKING FOR HAPPINESS? LOOK INSIDE?\u00bb<\/a><\/h1><\/div>\r\n  <iframe loading=\"lazy\" id=\"the_iframe\" src=\"https:\/\/www.goodreads.com\/api\/reviews_widget_iframe?did=DEVELOPER_ID&#038;format=html&#038;header_text=Rese%C3%B1as+de+Goodreads+sobre+%22LOOKING+FOR+HAPPINESS%3F+LOOK+INSIDE%3F%22&#038;isbn=9782889610143&#038;links=660&#038;min_rating=4&#038;num_reviews=&#038;review_back=fef9d9&#038;stars=000000&#038;stylesheet=&#038;text=444\" width=\"1100\" height=\"400\" frameborder=\"0\"><\/iframe>\r\n  <div id=\"gr_footer\">\r\n    <a class=\"gr_branding\" target=\"_blank\" rel=\"nofollow noopener noreferrer\" href=\"https:\/\/www.goodreads.com\/book\/show\/46218513-looking-for-happiness-look-inside-a-farewell-to-anxiety?utm_medium=api&#038;utm_source=reviews_widget\">Reviews from Goodreads.com<\/a>\r\n  <\/div>\r\n<\/div>\r\n\r\n\r\n<p>El dise\u00f1o de la portada es <a href=\"https:\/\/www.facebook.com\/alicia.varela.399\" target=\"_blank\" rel=\"noopener noreferrer\">de Alicia Varela,<\/a> una gran amiga y artista.<\/p>\r\n<p>Alberto Vezendi<\/p>\r\n","protected":false},"excerpt":{"rendered":"<p>Mi primer libro \u00ab\u00bfBuscando la felicidad? \u00a1Mira adentro!\u00bb ya est\u00e1 disponible en Amazon en formatos de tapa libre y libro electr\u00f3nico! \u00a1Cons\u00edguelo ahora!<\/p>\n","protected":false},"author":1,"featured_media":6153,"parent":4762,"menu_order":0,"comment_status":"open","ping_status":"closed","template":"","meta":{"jetpack_post_was_ever_published":false,"footnotes":""},"class_list":["post-4758","page","type-page","status-publish","has-post-thumbnail","hentry"],"yoast_head":"<!-- This site is optimized with the Yoast SEO plugin v22.7 - https:\/\/yoast.com\/wordpress\/plugins\/seo\/ -->\n<title>LOOKING FOR HAPPINESS? LOOK INSIDE! - VEZENDI<\/title>\n<meta name=\"robots\" content=\"index, follow, max-snippet:-1, max-image-preview:large, max-video-preview:-1\" \/>\n<link rel=\"canonical\" href=\"https:\/\/vezendi.com\/es\/libros\/looking-for-happiness-look-inside-lanzamiento-del-libro\/\" \/>\n<meta property=\"og:locale\" content=\"es_ES\" \/>\n<meta property=\"og:type\" content=\"article\" \/>\n<meta property=\"og:title\" content=\"LOOKING FOR HAPPINESS? LOOK INSIDE! - VEZENDI\" \/>\n<meta property=\"og:description\" content=\"Mi primer libro &quot;\u00bfBuscando la felicidad? \u00a1Mira adentro!&quot; ya est\u00e1 disponible en Amazon en formatos de tapa libre y libro electr\u00f3nico! \u00a1Cons\u00edguelo ahora!\" \/>\n<meta property=\"og:url\" content=\"https:\/\/vezendi.com\/es\/libros\/looking-for-happiness-look-inside-lanzamiento-del-libro\/\" \/>\n<meta property=\"og:site_name\" content=\"VEZENDI\" \/>\n<meta property=\"article:publisher\" content=\"https:\/\/www.facebook.com\/VezendiBooks\" \/>\n<meta property=\"article:modified_time\" content=\"2020-10-18T15:06:44+00:00\" \/>\n<meta property=\"og:image\" content=\"https:\/\/i0.wp.com\/vezendi.com\/wp-content\/uploads\/2019\/09\/2019_08_30_Look_COVER_EBOOK_KDP_final_no-square.jpg?fit=1566%2C2409&ssl=1\" \/>\n\t<meta property=\"og:image:width\" content=\"1566\" \/>\n\t<meta property=\"og:image:height\" content=\"2409\" \/>\n\t<meta property=\"og:image:type\" content=\"image\/jpeg\" \/>\n<meta name=\"twitter:card\" content=\"summary_large_image\" \/>\n<meta name=\"twitter:site\" content=\"@AVezendi\" \/>\n<meta name=\"twitter:label1\" content=\"Tiempo de lectura\" \/>\n\t<meta name=\"twitter:data1\" content=\"1 minuto\" \/>\n<script type=\"application\/ld+json\" class=\"yoast-schema-graph\">{\"@context\":\"https:\/\/schema.org\",\"@graph\":[{\"@type\":\"WebPage\",\"@id\":\"https:\/\/vezendi.com\/es\/libros\/looking-for-happiness-look-inside-lanzamiento-del-libro\/\",\"url\":\"https:\/\/vezendi.com\/es\/libros\/looking-for-happiness-look-inside-lanzamiento-del-libro\/\",\"name\":\"LOOKING FOR HAPPINESS? LOOK INSIDE! - VEZENDI\",\"isPartOf\":{\"@id\":\"https:\/\/aliceblue-seahorse-584180.hostingersite.com\/#website\"},\"primaryImageOfPage\":{\"@id\":\"https:\/\/vezendi.com\/es\/libros\/looking-for-happiness-look-inside-lanzamiento-del-libro\/#primaryimage\"},\"image\":{\"@id\":\"https:\/\/vezendi.com\/es\/libros\/looking-for-happiness-look-inside-lanzamiento-del-libro\/#primaryimage\"},\"thumbnailUrl\":\"https:\/\/i0.wp.com\/vezendi.com\/wp-content\/uploads\/2019\/09\/2019_08_30_Look_COVER_EBOOK_KDP_final_no-square.jpg?fit=1566%2C2409&ssl=1\",\"datePublished\":\"2019-08-25T15:13:49+00:00\",\"dateModified\":\"2020-10-18T15:06:44+00:00\",\"breadcrumb\":{\"@id\":\"https:\/\/vezendi.com\/es\/libros\/looking-for-happiness-look-inside-lanzamiento-del-libro\/#breadcrumb\"},\"inLanguage\":\"es\",\"potentialAction\":[{\"@type\":\"ReadAction\",\"target\":[\"https:\/\/vezendi.com\/es\/libros\/looking-for-happiness-look-inside-lanzamiento-del-libro\/\"]}]},{\"@type\":\"ImageObject\",\"inLanguage\":\"es\",\"@id\":\"https:\/\/vezendi.com\/es\/libros\/looking-for-happiness-look-inside-lanzamiento-del-libro\/#primaryimage\",\"url\":\"https:\/\/i0.wp.com\/vezendi.com\/wp-content\/uploads\/2019\/09\/2019_08_30_Look_COVER_EBOOK_KDP_final_no-square.jpg?fit=1566%2C2409&ssl=1\",\"contentUrl\":\"https:\/\/i0.wp.com\/vezendi.com\/wp-content\/uploads\/2019\/09\/2019_08_30_Look_COVER_EBOOK_KDP_final_no-square.jpg?fit=1566%2C2409&ssl=1\",\"width\":1566,\"height\":2409,\"caption\":\"Looking for Happiness? Look Inside! - Portada\"},{\"@type\":\"BreadcrumbList\",\"@id\":\"https:\/\/vezendi.com\/es\/libros\/looking-for-happiness-look-inside-lanzamiento-del-libro\/#breadcrumb\",\"itemListElement\":[{\"@type\":\"ListItem\",\"position\":1,\"name\":\"Portada\",\"item\":\"https:\/\/aliceblue-seahorse-584180.hostingersite.com\/\"},{\"@type\":\"ListItem\",\"position\":2,\"name\":\"LIBROS\",\"item\":\"https:\/\/vezendi.com\/es\/libros\/\"},{\"@type\":\"ListItem\",\"position\":3,\"name\":\"LOOKING FOR HAPPINESS? LOOK INSIDE!\"}]},{\"@type\":\"WebSite\",\"@id\":\"https:\/\/aliceblue-seahorse-584180.hostingersite.com\/#website\",\"url\":\"https:\/\/aliceblue-seahorse-584180.hostingersite.com\/\",\"name\":\"VEZENDI\",\"description\":\"Share the freedom!\",\"potentialAction\":[{\"@type\":\"SearchAction\",\"target\":{\"@type\":\"EntryPoint\",\"urlTemplate\":\"https:\/\/aliceblue-seahorse-584180.hostingersite.com\/?s={search_term_string}\"},\"query-input\":\"required name=search_term_string\"}],\"inLanguage\":\"es\"}]}<\/script>\n<!-- \/ Yoast SEO plugin. -->","yoast_head_json":{"title":"LOOKING FOR HAPPINESS? LOOK INSIDE! - VEZENDI","robots":{"index":"index","follow":"follow","max-snippet":"max-snippet:-1","max-image-preview":"max-image-preview:large","max-video-preview":"max-video-preview:-1"},"canonical":"https:\/\/vezendi.com\/es\/libros\/looking-for-happiness-look-inside-lanzamiento-del-libro\/","og_locale":"es_ES","og_type":"article","og_title":"LOOKING FOR HAPPINESS? LOOK INSIDE! - VEZENDI","og_description":"Mi primer libro \"\u00bfBuscando la felicidad? \u00a1Mira adentro!\" ya est\u00e1 disponible en Amazon en formatos de tapa libre y libro electr\u00f3nico! \u00a1Cons\u00edguelo ahora!","og_url":"https:\/\/vezendi.com\/es\/libros\/looking-for-happiness-look-inside-lanzamiento-del-libro\/","og_site_name":"VEZENDI","article_publisher":"https:\/\/www.facebook.com\/VezendiBooks","article_modified_time":"2020-10-18T15:06:44+00:00","og_image":[{"width":1566,"height":2409,"url":"https:\/\/i0.wp.com\/vezendi.com\/wp-content\/uploads\/2019\/09\/2019_08_30_Look_COVER_EBOOK_KDP_final_no-square.jpg?fit=1566%2C2409&ssl=1","type":"image\/jpeg"}],"twitter_card":"summary_large_image","twitter_site":"@AVezendi","twitter_misc":{"Tiempo de lectura":"1 minuto"},"schema":{"@context":"https:\/\/schema.org","@graph":[{"@type":"WebPage","@id":"https:\/\/vezendi.com\/es\/libros\/looking-for-happiness-look-inside-lanzamiento-del-libro\/","url":"https:\/\/vezendi.com\/es\/libros\/looking-for-happiness-look-inside-lanzamiento-del-libro\/","name":"LOOKING FOR HAPPINESS? LOOK INSIDE! - VEZENDI","isPartOf":{"@id":"https:\/\/aliceblue-seahorse-584180.hostingersite.com\/#website"},"primaryImageOfPage":{"@id":"https:\/\/vezendi.com\/es\/libros\/looking-for-happiness-look-inside-lanzamiento-del-libro\/#primaryimage"},"image":{"@id":"https:\/\/vezendi.com\/es\/libros\/looking-for-happiness-look-inside-lanzamiento-del-libro\/#primaryimage"},"thumbnailUrl":"https:\/\/i0.wp.com\/vezendi.com\/wp-content\/uploads\/2019\/09\/2019_08_30_Look_COVER_EBOOK_KDP_final_no-square.jpg?fit=1566%2C2409&ssl=1","datePublished":"2019-08-25T15:13:49+00:00","dateModified":"2020-10-18T15:06:44+00:00","breadcrumb":{"@id":"https:\/\/vezendi.com\/es\/libros\/looking-for-happiness-look-inside-lanzamiento-del-libro\/#breadcrumb"},"inLanguage":"es","potentialAction":[{"@type":"ReadAction","target":["https:\/\/vezendi.com\/es\/libros\/looking-for-happiness-look-inside-lanzamiento-del-libro\/"]}]},{"@type":"ImageObject","inLanguage":"es","@id":"https:\/\/vezendi.com\/es\/libros\/looking-for-happiness-look-inside-lanzamiento-del-libro\/#primaryimage","url":"https:\/\/i0.wp.com\/vezendi.com\/wp-content\/uploads\/2019\/09\/2019_08_30_Look_COVER_EBOOK_KDP_final_no-square.jpg?fit=1566%2C2409&ssl=1","contentUrl":"https:\/\/i0.wp.com\/vezendi.com\/wp-content\/uploads\/2019\/09\/2019_08_30_Look_COVER_EBOOK_KDP_final_no-square.jpg?fit=1566%2C2409&ssl=1","width":1566,"height":2409,"caption":"Looking for Happiness? Look Inside! - Portada"},{"@type":"BreadcrumbList","@id":"https:\/\/vezendi.com\/es\/libros\/looking-for-happiness-look-inside-lanzamiento-del-libro\/#breadcrumb","itemListElement":[{"@type":"ListItem","position":1,"name":"Portada","item":"https:\/\/aliceblue-seahorse-584180.hostingersite.com\/"},{"@type":"ListItem","position":2,"name":"LIBROS","item":"https:\/\/vezendi.com\/es\/libros\/"},{"@type":"ListItem","position":3,"name":"LOOKING FOR HAPPINESS? LOOK INSIDE!"}]},{"@type":"WebSite","@id":"https:\/\/aliceblue-seahorse-584180.hostingersite.com\/#website","url":"https:\/\/aliceblue-seahorse-584180.hostingersite.com\/","name":"VEZENDI","description":"Share the freedom!","potentialAction":[{"@type":"SearchAction","target":{"@type":"EntryPoint","urlTemplate":"https:\/\/aliceblue-seahorse-584180.hostingersite.com\/?s={search_term_string}"},"query-input":"required name=search_term_string"}],"inLanguage":"es"}]}},"jetpack_sharing_enabled":true,"jetpack_shortlink":"https:\/\/wp.me\/ParTtp-1eK","_links":{"self":[{"href":"https:\/\/vezendi.com\/es\/wp-json\/wp\/v2\/pages\/4758","targetHints":{"allow":["GET"]}}],"collection":[{"href":"https:\/\/vezendi.com\/es\/wp-json\/wp\/v2\/pages"}],"about":[{"href":"https:\/\/vezendi.com\/es\/wp-json\/wp\/v2\/types\/page"}],"author":[{"embeddable":true,"href":"https:\/\/vezendi.com\/es\/wp-json\/wp\/v2\/users\/1"}],"replies":[{"embeddable":true,"href":"https:\/\/vezendi.com\/es\/wp-json\/wp\/v2\/comments?post=4758"}],"version-history":[{"count":9,"href":"https:\/\/vezendi.com\/es\/wp-json\/wp\/v2\/pages\/4758\/revisions"}],"predecessor-version":[{"id":13566,"href":"https:\/\/vezendi.com\/es\/wp-json\/wp\/v2\/pages\/4758\/revisions\/13566"}],"up":[{"embeddable":true,"href":"https:\/\/vezendi.com\/es\/wp-json\/wp\/v2\/pages\/4762"}],"wp:featuredmedia":[{"embeddable":true,"href":"https:\/\/vezendi.com\/es\/wp-json\/wp\/v2\/media\/6153"}],"wp:attachment":[{"href":"https:\/\/vezendi.com\/es\/wp-json\/wp\/v2\/media?parent=4758"}],"curies":[{"name":"wp","href":"https:\/\/api.w.org\/{rel}","templated":true}]}}