{"id":4762,"date":"2019-08-25T16:18:20","date_gmt":"2019-08-25T15:18:20","guid":{"rendered":"https:\/\/vezendi.com\/libros\/"},"modified":"2020-02-02T15:34:29","modified_gmt":"2020-02-02T14:34:29","slug":"libros","status":"publish","type":"page","link":"https:\/\/vezendi.com\/es\/libros\/","title":{"rendered":"LIBROS"},"content":{"rendered":"<h3>\u00a1Los dos primeros libros de la serie <a href=\"https:\/\/amazon.com\/author\/alberto.vezendi\" target=\"_blank\" rel=\"noopener noreferrer\"><em>Adi\u00f3s a la Ansiedad<\/em><\/a> est\u00e1n ya a la venta!<\/h3>\r\n<blockquote>\r\n<p><strong>Haz click en la portada de cada libro o vete dir\u00e9ctamente a <a href=\"https:\/\/amazon.com\/author\/alberto.vezendi\" target=\"_blank\" rel=\"noopener noreferrer\">AMAZON<\/a> , <em><a href=\"https:\/\/www.kobo.com\/search?query=alberto+vezendi\" target=\"_blank\" rel=\"noopener noreferrer\">KOBO<\/a><\/em> o <em><a href=\"https:\/\/play.google.com\/store\/books\/author?id=Alberto+Vezendi\" target=\"_blank\" rel=\"noopener noreferrer\">GOOGLE PLAY<\/a><\/em>\u00a0 donde los podr\u00e1s adquirir en eBook y en edici\u00f3n impresa en tapa blanda.<\/strong><\/p>\r\n<\/blockquote>\r\n<div id=\"attachment_6165\" style=\"width: 247px\" class=\"wp-caption alignleft\"><a href=\"https:\/\/amazon.com\/author\/alberto.vezendi\" target=\"_blank\" rel=\"noopener noreferrer\"><img data-recalc-dims=\"1\" loading=\"lazy\" decoding=\"async\" aria-describedby=\"caption-attachment-6165\" class=\"wp-image-6165\" src=\"https:\/\/i0.wp.com\/vezendi.com\/wp-content\/uploads\/2019\/09\/Awake-arise-or-be-forever-fallen-by-A.-Vezendi-2019_07_11-COVER.jpg?resize=237%2C380&#038;ssl=1\" alt=\"Awake, Arise, or Be Forever Fallen! - book cover\" width=\"237\" height=\"380\" srcset=\"https:\/\/i0.wp.com\/vezendi.com\/wp-content\/uploads\/2019\/09\/Awake-arise-or-be-forever-fallen-by-A.-Vezendi-2019_07_11-COVER.jpg?w=1543&amp;ssl=1 1543w, https:\/\/i0.wp.com\/vezendi.com\/wp-content\/uploads\/2019\/09\/Awake-arise-or-be-forever-fallen-by-A.-Vezendi-2019_07_11-COVER.jpg?resize=187%2C300&amp;ssl=1 187w, https:\/\/i0.wp.com\/vezendi.com\/wp-content\/uploads\/2019\/09\/Awake-arise-or-be-forever-fallen-by-A.-Vezendi-2019_07_11-COVER.jpg?resize=768%2C1229&amp;ssl=1 768w, https:\/\/i0.wp.com\/vezendi.com\/wp-content\/uploads\/2019\/09\/Awake-arise-or-be-forever-fallen-by-A.-Vezendi-2019_07_11-COVER.jpg?resize=640%2C1024&amp;ssl=1 640w, https:\/\/i0.wp.com\/vezendi.com\/wp-content\/uploads\/2019\/09\/Awake-arise-or-be-forever-fallen-by-A.-Vezendi-2019_07_11-COVER.jpg?resize=300%2C480&amp;ssl=1 300w, https:\/\/i0.wp.com\/vezendi.com\/wp-content\/uploads\/2019\/09\/Awake-arise-or-be-forever-fallen-by-A.-Vezendi-2019_07_11-COVER.jpg?resize=600%2C960&amp;ssl=1 600w\" sizes=\"auto, (max-width: 237px) 100vw, 237px\" \/><\/a><p id=\"caption-attachment-6165\" class=\"wp-caption-text\">Awake, Arise, or Be Forever Fallen! &#8211; book cover<\/p><\/div>\r\n<div id=\"attachment_6153\" style=\"width: 257px\" class=\"wp-caption alignleft\"><a href=\"https:\/\/amazon.com\/author\/alberto.vezendi\" target=\"_blank\" rel=\"noopener noreferrer\"><img data-recalc-dims=\"1\" loading=\"lazy\" decoding=\"async\" aria-describedby=\"caption-attachment-6153\" class=\"wp-image-6153\" src=\"https:\/\/i0.wp.com\/vezendi.com\/wp-content\/uploads\/2019\/09\/2019_08_30_Look_COVER_EBOOK_KDP_final_no-square.jpg?resize=247%2C380&#038;ssl=1\" alt=\"Looking for Happiness? Look Inside! - Portada\" width=\"247\" height=\"380\" srcset=\"https:\/\/i0.wp.com\/vezendi.com\/wp-content\/uploads\/2019\/09\/2019_08_30_Look_COVER_EBOOK_KDP_final_no-square.jpg?w=1566&amp;ssl=1 1566w, https:\/\/i0.wp.com\/vezendi.com\/wp-content\/uploads\/2019\/09\/2019_08_30_Look_COVER_EBOOK_KDP_final_no-square.jpg?resize=195%2C300&amp;ssl=1 195w, https:\/\/i0.wp.com\/vezendi.com\/wp-content\/uploads\/2019\/09\/2019_08_30_Look_COVER_EBOOK_KDP_final_no-square.jpg?resize=768%2C1181&amp;ssl=1 768w, https:\/\/i0.wp.com\/vezendi.com\/wp-content\/uploads\/2019\/09\/2019_08_30_Look_COVER_EBOOK_KDP_final_no-square.jpg?resize=666%2C1024&amp;ssl=1 666w, https:\/\/i0.wp.com\/vezendi.com\/wp-content\/uploads\/2019\/09\/2019_08_30_Look_COVER_EBOOK_KDP_final_no-square.jpg?resize=300%2C461&amp;ssl=1 300w, https:\/\/i0.wp.com\/vezendi.com\/wp-content\/uploads\/2019\/09\/2019_08_30_Look_COVER_EBOOK_KDP_final_no-square.jpg?resize=600%2C923&amp;ssl=1 600w\" sizes=\"auto, (max-width: 247px) 100vw, 247px\" \/><\/a><p id=\"caption-attachment-6153\" class=\"wp-caption-text\">Looking for Happiness? Look Inside! &#8211; Portada<\/p><\/div>\r\n<div id=\"attachment_11367\" style=\"width: 249px\" class=\"wp-caption alignleft\"><a href=\"https:\/\/amazon.com\/author\/alberto.vezendi\" target=\"_blank\" rel=\"noopener noreferrer\"><img data-recalc-dims=\"1\" loading=\"lazy\" decoding=\"async\" aria-describedby=\"caption-attachment-11367\" class=\"wp-image-11367\" src=\"https:\/\/i0.wp.com\/vezendi.com\/wp-content\/uploads\/2020\/01\/2020_01-Lux-Cover-enhanced-188x300.jpg?resize=239%2C381&#038;ssl=1\" alt=\"Post Tenebras Lux _ ebook cover\" width=\"239\" height=\"381\" srcset=\"https:\/\/i0.wp.com\/vezendi.com\/wp-content\/uploads\/2020\/01\/2020_01-Lux-Cover-enhanced.jpg?resize=188%2C300&amp;ssl=1 188w, https:\/\/i0.wp.com\/vezendi.com\/wp-content\/uploads\/2020\/01\/2020_01-Lux-Cover-enhanced.jpg?resize=640%2C1024&amp;ssl=1 640w, https:\/\/i0.wp.com\/vezendi.com\/wp-content\/uploads\/2020\/01\/2020_01-Lux-Cover-enhanced.jpg?resize=768%2C1229&amp;ssl=1 768w, https:\/\/i0.wp.com\/vezendi.com\/wp-content\/uploads\/2020\/01\/2020_01-Lux-Cover-enhanced.jpg?resize=960%2C1536&amp;ssl=1 960w, https:\/\/i0.wp.com\/vezendi.com\/wp-content\/uploads\/2020\/01\/2020_01-Lux-Cover-enhanced.jpg?resize=1280%2C2048&amp;ssl=1 1280w, https:\/\/i0.wp.com\/vezendi.com\/wp-content\/uploads\/2020\/01\/2020_01-Lux-Cover-enhanced.jpg?resize=300%2C480&amp;ssl=1 300w, https:\/\/i0.wp.com\/vezendi.com\/wp-content\/uploads\/2020\/01\/2020_01-Lux-Cover-enhanced.jpg?resize=600%2C960&amp;ssl=1 600w, https:\/\/i0.wp.com\/vezendi.com\/wp-content\/uploads\/2020\/01\/2020_01-Lux-Cover-enhanced.jpg?w=1600&amp;ssl=1 1600w\" sizes=\"auto, (max-width: 239px) 100vw, 239px\" \/><\/a><p id=\"caption-attachment-11367\" class=\"wp-caption-text\">Post Tenebras Lux _ ebook cover<\/p><\/div>\r\n<p>&nbsp;<\/p>\r\n<p>&nbsp;<\/p>\r\n<p>&nbsp;<\/p>\r\n<p>&nbsp;<\/p>\r\n<p>&nbsp;<\/p>\r\n<p>&nbsp;<\/p>\r\n<p>&nbsp;<\/p>\r\n<p>&nbsp;<\/p>\r\n<p>&nbsp;<\/p>\r\n<p>&nbsp;<\/p>\r\n<p>&nbsp;<\/p>\r\n<h3><strong>El primer t\u00edtulo de la serie \u00ab<em>Adi\u00f3s a la Ansiedad\u00bb<\/em>, <a href=\"https:\/\/amazon.com\/author\/alberto.vezendi\" target=\"_blank\" rel=\"noopener noreferrer\"><em>AWAKE, ARISE, OR BE FOREVER FALLEN!<\/em><\/a> ya est\u00e1 disponible en <a href=\"https:\/\/amazon.com\/author\/alberto.vezendi\" target=\"_blank\" rel=\"noopener noreferrer\">Amazon<\/a> , <em><a href=\"https:\/\/www.kobo.com\/search?query=alberto+vezendi\" target=\"_blank\" rel=\"noopener noreferrer\">Kobo<\/a><\/em> y <em><a href=\"https:\/\/play.google.com\/store\/books\/author?id=Alberto+Vezendi\" target=\"_blank\" rel=\"noopener noreferrer\">Google Play<\/a><\/em>\u00a0<\/strong><\/h3>\r\n<blockquote>\r\n<p><em>Con este libro, el autor desea motivar a los lectores a ser ellos mismos, tomar las riendas de sus vidas y vivir una existencia deliberada, en lugar de vivir a la deriva, a merced de los deseos de los dem\u00e1s. Sin embargo, nada de eso se puede lograr hasta que aprendamos a ver nuestro verdadero yo, y, en \u00faltima instancia, aceptarnos como realmente somos, y no necesariamente como otros quisieran que fu\u00e9ramos. P\u00e1gina tras p\u00e1gina, los lectores ser\u00e1n testigos de la ca\u00edda, el despertar y el ascenso del autor, y le acompa\u00f1ar\u00e1n en su inspirador viaje de la autodestrucci\u00f3n a la autorrealizaci\u00f3n.<\/em><\/p>\r\n<p><em>Este libro contiene un mensaje de esperanza para todos: que siempre es posible mejorar nuestra vida, independientemente de nuestra situaci\u00f3n actual, y que ya tenemos todo lo que necesitamos para ello. Todo est\u00e1 en nuestra mente.<\/em><\/p>\r\n<\/blockquote>\r\n<p>La artista y dise\u00f1adora espa\u00f1ola <a href=\"https:\/\/www.facebook.com\/alicia.varela.399\" target=\"_blank\" rel=\"noopener noreferrer\">Alicia Varela<\/a> ha realizado el dise\u00f1o de la portada y las maravillosas ilustraciones que enriquecen las p\u00e1ginas de este libro. Sus ilustraciones \u2013 suaves y matizadas, pero tambi\u00e9n llenas de fuerza \u2013 transmiten perfectamente el significado profundo del libro.<\/p>\r\n<p>****<\/p>\r\n<h3><strong>El segundo t\u00edtulo de la serie \u00ab<em>Adi\u00f3s a la Ansiedad\u00bb<\/em>, <em><a href=\"https:\/\/amazon.com\/author\/alberto.vezendi\" target=\"_blank\" rel=\"noopener noreferrer\">LOOKING FOR HAPPINESS? LOOK INSIDE!<\/a><\/em> , est\u00e1 disponible<\/strong><strong> en <a href=\"https:\/\/amazon.com\/author\/alberto.vezendi\" target=\"_blank\" rel=\"noopener noreferrer\">Amazon<\/a> , <em><a href=\"https:\/\/www.kobo.com\/search?query=alberto+vezendi\" target=\"_blank\" rel=\"noopener noreferrer\">Kobo<\/a><\/em> y <em><a href=\"https:\/\/play.google.com\/store\/books\/author?id=Alberto+Vezendi\" target=\"_blank\" rel=\"noopener noreferrer\">Google Play<\/a><\/em><\/strong>.<\/h3>\r\n<p><!-- \/wp:post-content --><\/p>\r\n<p><!-- wp:paragraph \/--><\/p>\r\n<p><!-- wp:paragraph \/--><\/p>\r\n<p><!-- wp:paragraph --><\/p>\r\n<blockquote>\r\n<p><em>Con este libro deseo mostrar a los lectores c\u00f3mo superar los dos principales obst\u00e1culos a la felicidad: el apego y la ansiedad. Los lectores ver\u00e1n que el desapego y la capacidad de dejar de preocuparse no son dones exclusivos de los elegidos, ni talentos innatos reservados para unos pocos, sino habilidades que se pueden aprender en cualquier momento de la vida, independientemente de nuestra situaci\u00f3n. La soluci\u00f3n para vivir mejor est\u00e1 en tus manos: \u00a1deja que este libro te ayude a liberarte del lastre de tus preocupaciones!<\/em><\/p>\r\n<p><em>No esperes hasta que sea demasiado tarde: \u00a1ahora o nunca!<\/em><\/p>\r\n<\/blockquote>\r\n<p><!-- \/wp:paragraph --><\/p>\r\n<p><!-- wp:paragraph --><\/p>\r\n<p>El dise\u00f1o de la portada es <a href=\"https:\/\/www.facebook.com\/alicia.varela.399\" target=\"_blank\" rel=\"noopener noreferrer\">de Alicia Varela,<\/a>una gran amiga y artista.<\/p>\r\n<p>****<\/p>\r\n<h3><strong>Bajo el t\u00edtulo<\/strong><strong> <a href=\"https:\/\/amazon.com\/author\/alberto.vezendi\" target=\"_blank\" rel=\"noopener noreferrer\"><em>POST TENEBRAS LUX<\/em><\/a> , la <\/strong><strong>versi\u00f3n francesa del primer libro de la serie \u00ab<em>Adi\u00f3s a la Ansiedad\u00bb <\/em>ya est\u00e1 disponible en <a href=\"https:\/\/amazon.com\/author\/alberto.vezendi\" target=\"_blank\" rel=\"noopener noreferrer\">Amazon<\/a> , <em><a href=\"https:\/\/www.kobo.com\/search?query=alberto+vezendi\" target=\"_blank\" rel=\"noopener noreferrer\">Kobo<\/a><\/em> y <em><a href=\"https:\/\/play.google.com\/store\/books\/author?id=Alberto+Vezendi\" target=\"_blank\" rel=\"noopener noreferrer\">Google Play<\/a><\/em>\u00a0<\/strong><\/h3>\r\n<blockquote>\r\n<p><em>Ce livre se veut le porteur d\u2019un message d\u2019espoir : qu\u2019une vie meilleure est possible, quelle que soit votre situation, et que vous avez d\u00e9j\u00e0 tout ce dont vous avez besoin pour la vivre. Tout est en vous.<\/em><\/p>\r\n<p><em>On entre en anorexie comme on entre en religion. Il faut s\u2019y donner corps et \u00e2me, toujours faire plus pour satisfaire l\u2019ogre qui est en nous, sans jamais y parvenir. Toujours plus maigre, co\u00fbte que co\u00fbte, telle est sa devise.<\/em><\/p>\r\n<p><em>Puis un jour, dans un \u00e9tat proche du suicide, apr\u00e8s des ann\u00e9es de souffrances inutiles, le cerveau ressent un d\u00e9clic miraculeux\u00a0: \u00ab\u00a0Arr\u00eate\u00a0! Tu vas mourir\u00a0!\u00a0\u00bb Commence alors le long chemin vers une lumi\u00e8re diff\u00e9rente, sa propre lumi\u00e8re.<\/em><\/p>\r\n<p><em>C\u2019est ce parcours que l\u2019auteur nous conte, sans pathos et avec r\u00e9alisme, en d\u00e9crivant pr\u00e9cis\u00e9ment les \u00e9tapes, le cheminement de la pens\u00e9e, la lente descente aux enfers, le refus de la vie, puis la r\u00e9surrection. L\u2019auteur veut partager cette renaissance car il la sait d\u00e9sormais possible pour tous. Comment\u00a0? En regardant les choses diff\u00e9remment, en leur donnant un autre angle, tout est en nous.<\/em><\/p>\r\n<\/blockquote>\r\n<p>Alberto Vezendi<\/p>","protected":false},"excerpt":{"rendered":"<p>Mi primer libro \u00abLooking for Happiness? Look inside!\u00bb ya est\u00e1 disponible en Amazon en formatos de tapa blanda y libro electr\u00f3nico.<\/p>\n","protected":false},"author":1,"featured_media":4258,"parent":0,"menu_order":0,"comment_status":"open","ping_status":"closed","template":"","meta":{"jetpack_post_was_ever_published":false,"footnotes":""},"class_list":["post-4762","page","type-page","status-publish","has-post-thumbnail","hentry"],"yoast_head":"<!-- This site is optimized with the Yoast SEO plugin v22.7 - https:\/\/yoast.com\/wordpress\/plugins\/seo\/ -->\n<title>LIBROS - VEZENDI<\/title>\n<meta name=\"robots\" content=\"index, follow, max-snippet:-1, max-image-preview:large, max-video-preview:-1\" \/>\n<link rel=\"canonical\" href=\"https:\/\/vezendi.com\/es\/libros\/\" \/>\n<meta property=\"og:locale\" content=\"es_ES\" \/>\n<meta property=\"og:type\" content=\"article\" \/>\n<meta property=\"og:title\" content=\"LIBROS - VEZENDI\" \/>\n<meta property=\"og:description\" content=\"Mi primer libro &quot;Looking for Happiness? Look inside!&quot; ya est\u00e1 disponible en Amazon en formatos de tapa blanda y libro electr\u00f3nico.\" \/>\n<meta property=\"og:url\" content=\"https:\/\/vezendi.com\/es\/libros\/\" \/>\n<meta property=\"og:site_name\" content=\"VEZENDI\" \/>\n<meta property=\"article:publisher\" content=\"https:\/\/www.facebook.com\/VezendiBooks\" \/>\n<meta property=\"article:modified_time\" content=\"2020-02-02T14:34:29+00:00\" \/>\n<meta property=\"og:image\" content=\"https:\/\/i0.wp.com\/vezendi.com\/wp-content\/uploads\/2019\/06\/ebook_cover_Looking-e1567613390336.jpg?fit=1000%2C1600&ssl=1\" \/>\n\t<meta property=\"og:image:width\" content=\"1000\" \/>\n\t<meta property=\"og:image:height\" content=\"1600\" \/>\n\t<meta property=\"og:image:type\" content=\"image\/jpeg\" \/>\n<meta name=\"twitter:card\" content=\"summary_large_image\" \/>\n<meta name=\"twitter:site\" content=\"@AVezendi\" \/>\n<meta name=\"twitter:label1\" content=\"Tiempo de lectura\" \/>\n\t<meta name=\"twitter:data1\" content=\"4 minutos\" \/>\n<script type=\"application\/ld+json\" class=\"yoast-schema-graph\">{\"@context\":\"https:\/\/schema.org\",\"@graph\":[{\"@type\":\"WebPage\",\"@id\":\"https:\/\/vezendi.com\/es\/libros\/\",\"url\":\"https:\/\/vezendi.com\/es\/libros\/\",\"name\":\"LIBROS - VEZENDI\",\"isPartOf\":{\"@id\":\"https:\/\/aliceblue-seahorse-584180.hostingersite.com\/#website\"},\"primaryImageOfPage\":{\"@id\":\"https:\/\/vezendi.com\/es\/libros\/#primaryimage\"},\"image\":{\"@id\":\"https:\/\/vezendi.com\/es\/libros\/#primaryimage\"},\"thumbnailUrl\":\"https:\/\/i0.wp.com\/vezendi.com\/wp-content\/uploads\/2019\/06\/ebook_cover_Looking-e1567613390336.jpg?fit=1000%2C1600&ssl=1\",\"datePublished\":\"2019-08-25T15:18:20+00:00\",\"dateModified\":\"2020-02-02T14:34:29+00:00\",\"breadcrumb\":{\"@id\":\"https:\/\/vezendi.com\/es\/libros\/#breadcrumb\"},\"inLanguage\":\"es\",\"potentialAction\":[{\"@type\":\"ReadAction\",\"target\":[\"https:\/\/vezendi.com\/es\/libros\/\"]}]},{\"@type\":\"ImageObject\",\"inLanguage\":\"es\",\"@id\":\"https:\/\/vezendi.com\/es\/libros\/#primaryimage\",\"url\":\"https:\/\/i0.wp.com\/vezendi.com\/wp-content\/uploads\/2019\/06\/ebook_cover_Looking-e1567613390336.jpg?fit=1000%2C1600&ssl=1\",\"contentUrl\":\"https:\/\/i0.wp.com\/vezendi.com\/wp-content\/uploads\/2019\/06\/ebook_cover_Looking-e1567613390336.jpg?fit=1000%2C1600&ssl=1\",\"width\":1000,\"height\":1600,\"caption\":\"\\\"Looking for happiness? Look inside!\\\" - Portada\"},{\"@type\":\"BreadcrumbList\",\"@id\":\"https:\/\/vezendi.com\/es\/libros\/#breadcrumb\",\"itemListElement\":[{\"@type\":\"ListItem\",\"position\":1,\"name\":\"Portada\",\"item\":\"https:\/\/aliceblue-seahorse-584180.hostingersite.com\/\"},{\"@type\":\"ListItem\",\"position\":2,\"name\":\"LIBROS\"}]},{\"@type\":\"WebSite\",\"@id\":\"https:\/\/aliceblue-seahorse-584180.hostingersite.com\/#website\",\"url\":\"https:\/\/aliceblue-seahorse-584180.hostingersite.com\/\",\"name\":\"VEZENDI\",\"description\":\"Share the freedom!\",\"potentialAction\":[{\"@type\":\"SearchAction\",\"target\":{\"@type\":\"EntryPoint\",\"urlTemplate\":\"https:\/\/aliceblue-seahorse-584180.hostingersite.com\/?s={search_term_string}\"},\"query-input\":\"required name=search_term_string\"}],\"inLanguage\":\"es\"}]}<\/script>\n<!-- \/ Yoast SEO plugin. -->","yoast_head_json":{"title":"LIBROS - VEZENDI","robots":{"index":"index","follow":"follow","max-snippet":"max-snippet:-1","max-image-preview":"max-image-preview:large","max-video-preview":"max-video-preview:-1"},"canonical":"https:\/\/vezendi.com\/es\/libros\/","og_locale":"es_ES","og_type":"article","og_title":"LIBROS - VEZENDI","og_description":"Mi primer libro \"Looking for Happiness? Look inside!\" ya est\u00e1 disponible en Amazon en formatos de tapa blanda y libro electr\u00f3nico.","og_url":"https:\/\/vezendi.com\/es\/libros\/","og_site_name":"VEZENDI","article_publisher":"https:\/\/www.facebook.com\/VezendiBooks","article_modified_time":"2020-02-02T14:34:29+00:00","og_image":[{"width":1000,"height":1600,"url":"https:\/\/i0.wp.com\/vezendi.com\/wp-content\/uploads\/2019\/06\/ebook_cover_Looking-e1567613390336.jpg?fit=1000%2C1600&ssl=1","type":"image\/jpeg"}],"twitter_card":"summary_large_image","twitter_site":"@AVezendi","twitter_misc":{"Tiempo de lectura":"4 minutos"},"schema":{"@context":"https:\/\/schema.org","@graph":[{"@type":"WebPage","@id":"https:\/\/vezendi.com\/es\/libros\/","url":"https:\/\/vezendi.com\/es\/libros\/","name":"LIBROS - VEZENDI","isPartOf":{"@id":"https:\/\/aliceblue-seahorse-584180.hostingersite.com\/#website"},"primaryImageOfPage":{"@id":"https:\/\/vezendi.com\/es\/libros\/#primaryimage"},"image":{"@id":"https:\/\/vezendi.com\/es\/libros\/#primaryimage"},"thumbnailUrl":"https:\/\/i0.wp.com\/vezendi.com\/wp-content\/uploads\/2019\/06\/ebook_cover_Looking-e1567613390336.jpg?fit=1000%2C1600&ssl=1","datePublished":"2019-08-25T15:18:20+00:00","dateModified":"2020-02-02T14:34:29+00:00","breadcrumb":{"@id":"https:\/\/vezendi.com\/es\/libros\/#breadcrumb"},"inLanguage":"es","potentialAction":[{"@type":"ReadAction","target":["https:\/\/vezendi.com\/es\/libros\/"]}]},{"@type":"ImageObject","inLanguage":"es","@id":"https:\/\/vezendi.com\/es\/libros\/#primaryimage","url":"https:\/\/i0.wp.com\/vezendi.com\/wp-content\/uploads\/2019\/06\/ebook_cover_Looking-e1567613390336.jpg?fit=1000%2C1600&ssl=1","contentUrl":"https:\/\/i0.wp.com\/vezendi.com\/wp-content\/uploads\/2019\/06\/ebook_cover_Looking-e1567613390336.jpg?fit=1000%2C1600&ssl=1","width":1000,"height":1600,"caption":"\"Looking for happiness? Look inside!\" - Portada"},{"@type":"BreadcrumbList","@id":"https:\/\/vezendi.com\/es\/libros\/#breadcrumb","itemListElement":[{"@type":"ListItem","position":1,"name":"Portada","item":"https:\/\/aliceblue-seahorse-584180.hostingersite.com\/"},{"@type":"ListItem","position":2,"name":"LIBROS"}]},{"@type":"WebSite","@id":"https:\/\/aliceblue-seahorse-584180.hostingersite.com\/#website","url":"https:\/\/aliceblue-seahorse-584180.hostingersite.com\/","name":"VEZENDI","description":"Share the freedom!","potentialAction":[{"@type":"SearchAction","target":{"@type":"EntryPoint","urlTemplate":"https:\/\/aliceblue-seahorse-584180.hostingersite.com\/?s={search_term_string}"},"query-input":"required name=search_term_string"}],"inLanguage":"es"}]}},"jetpack_sharing_enabled":true,"jetpack_shortlink":"https:\/\/wp.me\/ParTtp-1eO","_links":{"self":[{"href":"https:\/\/vezendi.com\/es\/wp-json\/wp\/v2\/pages\/4762","targetHints":{"allow":["GET"]}}],"collection":[{"href":"https:\/\/vezendi.com\/es\/wp-json\/wp\/v2\/pages"}],"about":[{"href":"https:\/\/vezendi.com\/es\/wp-json\/wp\/v2\/types\/page"}],"author":[{"embeddable":true,"href":"https:\/\/vezendi.com\/es\/wp-json\/wp\/v2\/users\/1"}],"replies":[{"embeddable":true,"href":"https:\/\/vezendi.com\/es\/wp-json\/wp\/v2\/comments?post=4762"}],"version-history":[{"count":12,"href":"https:\/\/vezendi.com\/es\/wp-json\/wp\/v2\/pages\/4762\/revisions"}],"predecessor-version":[{"id":11463,"href":"https:\/\/vezendi.com\/es\/wp-json\/wp\/v2\/pages\/4762\/revisions\/11463"}],"wp:featuredmedia":[{"embeddable":true,"href":"https:\/\/vezendi.com\/es\/wp-json\/wp\/v2\/media\/4258"}],"wp:attachment":[{"href":"https:\/\/vezendi.com\/es\/wp-json\/wp\/v2\/media?parent=4762"}],"curies":[{"name":"wp","href":"https:\/\/api.w.org\/{rel}","templated":true}]}}