{"id":4766,"date":"2019-08-25T16:24:17","date_gmt":"2019-08-25T15:24:17","guid":{"rendered":"https:\/\/vezendi.com\/aviso-legal\/"},"modified":"2019-08-25T16:24:27","modified_gmt":"2019-08-25T15:24:27","slug":"aviso-legal","status":"publish","type":"page","link":"https:\/\/vezendi.com\/es\/aviso-legal\/","title":{"rendered":"Aviso legal"},"content":{"rendered":"<h2>Aviso legal<\/h2>\n<p>&nbsp;<\/p>\n<p>\u00daltima actualizaci\u00f3n: diciembre 2018<\/p>\n<p>&nbsp;<\/p>\n<p>La informaci\u00f3n contenida en vezendi.com (el \u00abServicio\u00bb) es s\u00f3lo para fines de informaci\u00f3n general. Ni Vezendi Books, ni ninguno de sus representantes, empleados o colaboradores asumen ninguna responsabilidad por errores u omisiones en los contenidos del Servicio.<\/p>\n<p>&nbsp;<\/p>\n<p>En ning\u00fan caso Vezendi Books, o cualquiera de sus representantes, empleados o colaboradores ser\u00e1n responsables de ning\u00fan da\u00f1o especial, directo, indirecto, consecuente o incidental, o cualquier da\u00f1o de cualquier tipo, ya sea en una acci\u00f3n de contrato, negligencia u otro agravio, o en relaci\u00f3n con el uso del Servicio o los contenidos del Servicio. Vezendi Books se reserva el derecho de realizar adiciones, eliminaciones o modificaciones a los contenidos del Servicio en cualquier momento sin previo aviso. Vezendi Books no garantiza que el sitio web est\u00e9 libre de virus u otros componentes da\u00f1inos.<\/p>\n<p>&nbsp;<\/p>\n<h3>Descargo de responsabilidad de enlaces externos<\/h3>\n<p>&nbsp;<\/p>\n<p>El sitio web de Vezendi Books puede contener enlaces a sitios web externos que no son proporcionados o mantenidos por o de ninguna manera afiliados con Vezendi Books. Tenga en cuenta que Vezendi Books no garantizan la exactitud, pertinencia, puntualidad o integridad de cualquier informaci\u00f3n en estos sitios web externos. Por favor, tenga en cuenta que algunos de los enlaces en este sitio web pueden ser \u00abenlaces de afiliados\u00bb, un enlace con un c\u00f3digo de seguimiento especial.<\/p>\n<p>&nbsp;<\/p>\n<h3>Descargo de responsabilidad adicional<\/h3>\n<p>&nbsp;<\/p>\n<p>Este sitio web puede ofrecer informaci\u00f3n nutricional y de salud que est\u00e1 dise\u00f1ada \u00fanicamente con fines educativos. Bajo ning\u00fan concepto se debe considerar dicha informaci\u00f3n como sustituto o reemplazo de un asesoramiento m\u00e9dico profesional, diagn\u00f3stico o tratamiento.<\/p>\n<p>&nbsp;<\/p>\n<p>&nbsp;<\/p>\n","protected":false},"excerpt":{"rendered":"<p>Aviso legal &nbsp; \u00daltima actualizaci\u00f3n: diciembre 2018 &nbsp; La informaci\u00f3n contenida en vezendi.com (el \u00abServicio\u00bb) es s\u00f3lo para fines de informaci\u00f3n general. Ni Vezendi Books, ni ninguno de sus representantes, empleados o colaboradores asumen ninguna responsabilidad por errores u omisiones en los contenidos del Servicio. &nbsp; En ning\u00fan caso Vezendi Books, o cualquiera de sus<\/p>\n<p class=\"more-link\"><a href=\"https:\/\/vezendi.com\/es\/aviso-legal\/\" class=\"themebutton\">Sigue leyendo<\/a><\/p>\n","protected":false},"author":1,"featured_media":0,"parent":0,"menu_order":0,"comment_status":"closed","ping_status":"closed","template":"","meta":{"jetpack_post_was_ever_published":false,"footnotes":""},"class_list":["post-4766","page","type-page","status-publish","hentry"],"yoast_head":"<!-- This site is optimized with the Yoast SEO plugin v22.7 - https:\/\/yoast.com\/wordpress\/plugins\/seo\/ -->\n<title>Aviso legal - VEZENDI<\/title>\n<meta name=\"robots\" content=\"index, follow, max-snippet:-1, max-image-preview:large, max-video-preview:-1\" \/>\n<link rel=\"canonical\" href=\"https:\/\/vezendi.com\/es\/aviso-legal\/\" \/>\n<meta property=\"og:locale\" content=\"es_ES\" \/>\n<meta property=\"og:type\" content=\"article\" \/>\n<meta property=\"og:title\" content=\"Aviso legal - VEZENDI\" \/>\n<meta property=\"og:description\" content=\"Aviso legal &nbsp; \u00daltima actualizaci\u00f3n: diciembre 2018 &nbsp; La informaci\u00f3n contenida en vezendi.com (el \u00abServicio\u00bb) es s\u00f3lo para fines de informaci\u00f3n general. Ni Vezendi Books, ni ninguno de sus representantes, empleados o colaboradores asumen ninguna responsabilidad por errores u omisiones en los contenidos del Servicio. &nbsp; En ning\u00fan caso Vezendi Books, o cualquiera de susSigue leyendo\" \/>\n<meta property=\"og:url\" content=\"https:\/\/vezendi.com\/es\/aviso-legal\/\" \/>\n<meta property=\"og:site_name\" content=\"VEZENDI\" \/>\n<meta property=\"article:publisher\" content=\"https:\/\/www.facebook.com\/VezendiBooks\" \/>\n<meta property=\"article:modified_time\" content=\"2019-08-25T15:24:27+00:00\" \/>\n<meta property=\"og:image\" content=\"https:\/\/i0.wp.com\/vezendi.com\/wp-content\/uploads\/2020\/03\/logo-2.jpg?fit=667%2C577&ssl=1\" \/>\n\t<meta property=\"og:image:width\" content=\"667\" \/>\n\t<meta property=\"og:image:height\" content=\"577\" \/>\n\t<meta property=\"og:image:type\" content=\"image\/jpeg\" \/>\n<meta name=\"twitter:card\" content=\"summary_large_image\" \/>\n<meta name=\"twitter:site\" content=\"@AVezendi\" \/>\n<meta name=\"twitter:label1\" content=\"Tiempo de lectura\" \/>\n\t<meta name=\"twitter:data1\" content=\"1 minuto\" \/>\n<script type=\"application\/ld+json\" class=\"yoast-schema-graph\">{\"@context\":\"https:\/\/schema.org\",\"@graph\":[{\"@type\":\"WebPage\",\"@id\":\"https:\/\/vezendi.com\/es\/aviso-legal\/\",\"url\":\"https:\/\/vezendi.com\/es\/aviso-legal\/\",\"name\":\"Aviso legal - VEZENDI\",\"isPartOf\":{\"@id\":\"https:\/\/aliceblue-seahorse-584180.hostingersite.com\/#website\"},\"datePublished\":\"2019-08-25T15:24:17+00:00\",\"dateModified\":\"2019-08-25T15:24:27+00:00\",\"breadcrumb\":{\"@id\":\"https:\/\/vezendi.com\/es\/aviso-legal\/#breadcrumb\"},\"inLanguage\":\"es\",\"potentialAction\":[{\"@type\":\"ReadAction\",\"target\":[\"https:\/\/vezendi.com\/es\/aviso-legal\/\"]}]},{\"@type\":\"BreadcrumbList\",\"@id\":\"https:\/\/vezendi.com\/es\/aviso-legal\/#breadcrumb\",\"itemListElement\":[{\"@type\":\"ListItem\",\"position\":1,\"name\":\"Portada\",\"item\":\"https:\/\/aliceblue-seahorse-584180.hostingersite.com\/\"},{\"@type\":\"ListItem\",\"position\":2,\"name\":\"Aviso legal\"}]},{\"@type\":\"WebSite\",\"@id\":\"https:\/\/aliceblue-seahorse-584180.hostingersite.com\/#website\",\"url\":\"https:\/\/aliceblue-seahorse-584180.hostingersite.com\/\",\"name\":\"VEZENDI\",\"description\":\"Share the freedom!\",\"potentialAction\":[{\"@type\":\"SearchAction\",\"target\":{\"@type\":\"EntryPoint\",\"urlTemplate\":\"https:\/\/aliceblue-seahorse-584180.hostingersite.com\/?s={search_term_string}\"},\"query-input\":\"required name=search_term_string\"}],\"inLanguage\":\"es\"}]}<\/script>\n<!-- \/ Yoast SEO plugin. -->","yoast_head_json":{"title":"Aviso legal - VEZENDI","robots":{"index":"index","follow":"follow","max-snippet":"max-snippet:-1","max-image-preview":"max-image-preview:large","max-video-preview":"max-video-preview:-1"},"canonical":"https:\/\/vezendi.com\/es\/aviso-legal\/","og_locale":"es_ES","og_type":"article","og_title":"Aviso legal - VEZENDI","og_description":"Aviso legal &nbsp; \u00daltima actualizaci\u00f3n: diciembre 2018 &nbsp; La informaci\u00f3n contenida en vezendi.com (el \u00abServicio\u00bb) es s\u00f3lo para fines de informaci\u00f3n general. Ni Vezendi Books, ni ninguno de sus representantes, empleados o colaboradores asumen ninguna responsabilidad por errores u omisiones en los contenidos del Servicio. &nbsp; En ning\u00fan caso Vezendi Books, o cualquiera de susSigue leyendo","og_url":"https:\/\/vezendi.com\/es\/aviso-legal\/","og_site_name":"VEZENDI","article_publisher":"https:\/\/www.facebook.com\/VezendiBooks","article_modified_time":"2019-08-25T15:24:27+00:00","og_image":[{"width":667,"height":577,"url":"https:\/\/i0.wp.com\/vezendi.com\/wp-content\/uploads\/2020\/03\/logo-2.jpg?fit=667%2C577&ssl=1","type":"image\/jpeg"}],"twitter_card":"summary_large_image","twitter_site":"@AVezendi","twitter_misc":{"Tiempo de lectura":"1 minuto"},"schema":{"@context":"https:\/\/schema.org","@graph":[{"@type":"WebPage","@id":"https:\/\/vezendi.com\/es\/aviso-legal\/","url":"https:\/\/vezendi.com\/es\/aviso-legal\/","name":"Aviso legal - VEZENDI","isPartOf":{"@id":"https:\/\/aliceblue-seahorse-584180.hostingersite.com\/#website"},"datePublished":"2019-08-25T15:24:17+00:00","dateModified":"2019-08-25T15:24:27+00:00","breadcrumb":{"@id":"https:\/\/vezendi.com\/es\/aviso-legal\/#breadcrumb"},"inLanguage":"es","potentialAction":[{"@type":"ReadAction","target":["https:\/\/vezendi.com\/es\/aviso-legal\/"]}]},{"@type":"BreadcrumbList","@id":"https:\/\/vezendi.com\/es\/aviso-legal\/#breadcrumb","itemListElement":[{"@type":"ListItem","position":1,"name":"Portada","item":"https:\/\/aliceblue-seahorse-584180.hostingersite.com\/"},{"@type":"ListItem","position":2,"name":"Aviso legal"}]},{"@type":"WebSite","@id":"https:\/\/aliceblue-seahorse-584180.hostingersite.com\/#website","url":"https:\/\/aliceblue-seahorse-584180.hostingersite.com\/","name":"VEZENDI","description":"Share the freedom!","potentialAction":[{"@type":"SearchAction","target":{"@type":"EntryPoint","urlTemplate":"https:\/\/aliceblue-seahorse-584180.hostingersite.com\/?s={search_term_string}"},"query-input":"required name=search_term_string"}],"inLanguage":"es"}]}},"jetpack_sharing_enabled":true,"jetpack_shortlink":"https:\/\/wp.me\/ParTtp-1eS","_links":{"self":[{"href":"https:\/\/vezendi.com\/es\/wp-json\/wp\/v2\/pages\/4766","targetHints":{"allow":["GET"]}}],"collection":[{"href":"https:\/\/vezendi.com\/es\/wp-json\/wp\/v2\/pages"}],"about":[{"href":"https:\/\/vezendi.com\/es\/wp-json\/wp\/v2\/types\/page"}],"author":[{"embeddable":true,"href":"https:\/\/vezendi.com\/es\/wp-json\/wp\/v2\/users\/1"}],"replies":[{"embeddable":true,"href":"https:\/\/vezendi.com\/es\/wp-json\/wp\/v2\/comments?post=4766"}],"version-history":[{"count":1,"href":"https:\/\/vezendi.com\/es\/wp-json\/wp\/v2\/pages\/4766\/revisions"}],"predecessor-version":[{"id":4767,"href":"https:\/\/vezendi.com\/es\/wp-json\/wp\/v2\/pages\/4766\/revisions\/4767"}],"wp:attachment":[{"href":"https:\/\/vezendi.com\/es\/wp-json\/wp\/v2\/media?parent=4766"}],"curies":[{"name":"wp","href":"https:\/\/api.w.org\/{rel}","templated":true}]}}