{"id":5278,"date":"2019-09-05T11:32:24","date_gmt":"2019-09-05T10:32:24","guid":{"rendered":"https:\/\/vezendi.com\/libros\/awake-arise-or-be-forever-fallen-lanzamiento-del-libro-el-23-de-septiembre\/"},"modified":"2020-10-17T16:04:32","modified_gmt":"2020-10-17T15:04:32","slug":"awake-arise-or-be-forever-fallen-lanzamiento-del-libro-el-23-de-septiembre","status":"publish","type":"page","link":"https:\/\/vezendi.com\/es\/libros\/awake-arise-or-be-forever-fallen-lanzamiento-del-libro-el-23-de-septiembre\/","title":{"rendered":"AWAKE, ARISE, OR BE FOREVER FALLEN!"},"content":{"rendered":"\r\n<h3>El primer t\u00edtulo de la serie \u00ab<em>Adi\u00f3s a la Ansiedad\u00bb<\/em>, <a href=\"https:\/\/amazon.com\/author\/alberto.vezendi\" target=\"_blank\" rel=\"noopener noreferrer\"><strong><em>Awake, Arise! or be forever fallen<\/em><\/strong><\/a> ya est\u00e1 disponible, por ahora solo en ingl\u00e9s, en <a href=\"https:\/\/www.kobo.com\/ebook\/awake-arise-or-be-forever-fallen\" target=\"_blank\" rel=\"noopener noreferrer\">Kobo<\/a> y\u00a0<a href=\"https:\/\/amazon.com\/author\/alberto.vezendi\" target=\"_blank\" rel=\"noopener noreferrer\">Amazon<\/a><\/h3>\r\n\r\n\r\n\r\n<blockquote>\r\n<p>Con este libro, el autor desea motivar a los lectores a ser ellos mismos, tomar las riendas de sus vidas y vivir una existencia deliberada, en lugar de vivir a la deriva, a merced de los deseos de los dem\u00e1s. Sin embargo, nada de eso se puede lograr hasta que aprendamos a ver nuestro verdadero yo, y, en \u00faltima instancia, aceptarnos como realmente somos, y no necesariamente como otros quisieran que fu\u00e9ramos. P\u00e1gina tras p\u00e1gina, los lectores ser\u00e1n testigos de la ca\u00edda, el despertar y el ascenso del autor, y le acompa\u00f1ar\u00e1n en su inspirador viaje de la autodestrucci\u00f3n a la autorrealizaci\u00f3n.<\/p>\r\n<p>Este libro contiene un mensaje de esperanza para todos: que siempre es posible mejorar nuestra vida, independientemente de nuestra situaci\u00f3n actual, y que ya tenemos todo lo que necesitamos para ello. Todo est\u00e1 en nuestra mente.<\/p>\r\n<\/blockquote>\r\n<p>La artista y dise\u00f1adora espa\u00f1ola <a href=\"https:\/\/www.facebook.com\/alicia.varela.399\" target=\"_blank\" rel=\"noopener noreferrer\">Alicia Varela<\/a> ha realizado el dise\u00f1o de la portada y las maravillosas ilustraciones que enriquecen las p\u00e1ginas de este libro. Sus ilustraciones &#8211; suaves y matizadas, pero tambi\u00e9n llenas de fuerza &#8211; transmiten perfectamente el significado profundo del libro.<\/p>\r\n\r\n\r\n\r\n<div class=\"wp-block-image\">\r\n<figure class=\"aligncenter\">\r\n<div id=\"attachment_6165\" style=\"width: 610px\" class=\"wp-caption aligncenter\"><a href=\"https:\/\/www.kobo.com\/ebook\/awake-arise-or-be-forever-fallen\" target=\"_blank\" rel=\"noopener noreferrer\"><img data-recalc-dims=\"1\" loading=\"lazy\" decoding=\"async\" aria-describedby=\"caption-attachment-6165\" class=\"wp-image-6165\" src=\"https:\/\/i0.wp.com\/vezendi.com\/wp-content\/uploads\/2019\/09\/Awake-arise-or-be-forever-fallen-by-A.-Vezendi-2019_07_11-COVER.jpg?resize=600%2C960&#038;ssl=1\" alt=\"Awake, Arise, or Be Forever Fallen! - book cover\" width=\"600\" height=\"960\" srcset=\"https:\/\/i0.wp.com\/vezendi.com\/wp-content\/uploads\/2019\/09\/Awake-arise-or-be-forever-fallen-by-A.-Vezendi-2019_07_11-COVER.jpg?w=1543&amp;ssl=1 1543w, https:\/\/i0.wp.com\/vezendi.com\/wp-content\/uploads\/2019\/09\/Awake-arise-or-be-forever-fallen-by-A.-Vezendi-2019_07_11-COVER.jpg?resize=187%2C300&amp;ssl=1 187w, https:\/\/i0.wp.com\/vezendi.com\/wp-content\/uploads\/2019\/09\/Awake-arise-or-be-forever-fallen-by-A.-Vezendi-2019_07_11-COVER.jpg?resize=768%2C1229&amp;ssl=1 768w, https:\/\/i0.wp.com\/vezendi.com\/wp-content\/uploads\/2019\/09\/Awake-arise-or-be-forever-fallen-by-A.-Vezendi-2019_07_11-COVER.jpg?resize=640%2C1024&amp;ssl=1 640w, https:\/\/i0.wp.com\/vezendi.com\/wp-content\/uploads\/2019\/09\/Awake-arise-or-be-forever-fallen-by-A.-Vezendi-2019_07_11-COVER.jpg?resize=300%2C480&amp;ssl=1 300w, https:\/\/i0.wp.com\/vezendi.com\/wp-content\/uploads\/2019\/09\/Awake-arise-or-be-forever-fallen-by-A.-Vezendi-2019_07_11-COVER.jpg?resize=600%2C960&amp;ssl=1 600w\" sizes=\"auto, (max-width: 600px) 100vw, 600px\" \/><\/a><p id=\"caption-attachment-6165\" class=\"wp-caption-text\">Awake, Arise, or Be Forever Fallen! &#8211; book cover<\/p><\/div>\r\n<figcaption><br \/><br \/><br \/><br \/><br \/>\u00abAwake, arise! or be forever fallen!\u00bb de Alberto Vezendi. Dise\u00f1o de cubierta de Alicia Varela<\/figcaption>\r\n<\/figure>\r\n<\/div>\r\n\r\n\r\n\r\n      <style>\r\n  #goodreads-widget {\r\n    font-family: georgia, serif;\r\n    padding: 18px 0;\r\n    width:1100px;\r\n  }\r\n  #goodreads-widget h1 {\r\n    font-weight:normal;\r\n    font-size: 16px;\r\n    border-bottom: 1px solid #BBB596;\r\n    margin-bottom: 0;\r\n  }\r\n  #goodreads-widget a {\r\n    text-decoration: none;\r\n    color:#660;\r\n  }\r\n  iframe{\r\n    background-color: #fef9d9;\r\n  }\r\n  #goodreads-widget a:hover { text-decoration: underline; }\r\n  #goodreads-widget a:active {\r\n    color:#660;\r\n  }\r\n  #gr_footer {\r\n    width: 100%;\r\n    border-top: 1px solid #BBB596;\r\n    text-align: right;\r\n  }\r\n  #goodreads-widget .gr_branding{\r\n    color: #382110;\r\n    font-size: 11px;\r\n    text-decoration: none;\r\n    font-family: \"Helvetica Neue\", Helvetica, Arial, sans-serif;\r\n  }\r\n<\/style>\r\n<div id=\"goodreads-widget\">\r\n  <div id=\"gr_header\"><h1><a rel=\"nofollow\" href=\"https:\/\/www.goodreads.com\/book\/show\/51859420-awake-arise-or-be-forever-fallen\">Goodreads reviews for Awake, Arise or Be Forever Fallen<\/a><\/h1><\/div>\r\n  <iframe loading=\"lazy\" id=\"the_iframe\" src=\"https:\/\/www.goodreads.com\/api\/reviews_widget_iframe?did=DEVELOPER_ID&#038;format=html&#038;header_text=Goodreads+reviews+for+Awake%2C+Arise+or+Be+Forever+Fallen&#038;isbn=2889610063&#038;links=660&#038;min_rating=4&#038;num_reviews=30&#038;review_back=fef9d9&#038;stars=000000&#038;stylesheet=&#038;text=500\" width=\"1100\" height=\"400\" frameborder=\"0\"><\/iframe>\r\n  <div id=\"gr_footer\">\r\n    <a class=\"gr_branding\" target=\"_blank\" rel=\"nofollow noopener noreferrer\" href=\"https:\/\/www.goodreads.com\/book\/show\/51859420-awake-arise-or-be-forever-fallen?utm_medium=api&#038;utm_source=reviews_widget\">Reviews from Goodreads.com<\/a>\r\n  <\/div>\r\n<\/div>\r\n\r\n\r\n<blockquote>\r\n<p><em>\u00abTras veinte largos a\u00f1os de silencio, decid\u00ed compartir en este libro mi lucha personal con la anorexia, con la esperanza de ayudar a los lectores a evitar las trampas creadas por su propia mente. Tambi\u00e9n espero que est libro ayude a los lectores a encontrar su luz interior, sin tener que superar un largo y doloroso rito de iniciaci\u00f3n como el que atraves\u00e9.<\/em><\/p>\r\n<p><em>\r\n\r\n<\/em><\/p>\r\n<p><em>Esa luz interior es la fuerza que nos anima, esa fuerza que llamamos \u00abvida\u00bb, y es la \u00fanica luz que puede mostrar el camino que conduce hacia nuestra felicidad. Pero es una luz que s\u00f3lo puede brillar en el presente. No te arrepientas del pasado, y no te pierdas en el laberinto de tus miedos y dudas sobre el futuro. No hay mejor momento que el presente para romper el hechizo que nos somete a una vida sin rumbo y empezar a vivir completamente cada momento de nuestra vida.\u00bb<\/em><\/p>\r\n<\/blockquote>\r\n\r\n\r\n\r\n<p><strong>La decisi\u00f3n est\u00e1 en tus manos. Sigue el camino iluminado que muestra este libro y comienza a vivir la vida que deseas y mereces.<\/strong><\/p>\r\n<p><strong>La magia est\u00e1 en ti: abre tu coraz\u00f3n y la ver\u00e1s.<\/strong><\/p>\r\n\r\n\r\n\r\n\r\n\r\n<p><a href=\"http:\/\/www.aliciavarela.com\/\" target=\"_blank\" rel=\"noreferrer noopener\">Alicia<\/a> y su marido, <a href=\"https:\/\/www.facebook.com\/eduardosoaresgomes\" target=\"_blank\" rel=\"noreferrer noopener\">Edoardo Soares Gomes<\/a>, tambi\u00e9n artista, se han ocupado de todo el dise\u00f1o del libro (dise\u00f1o, tipograf\u00eda, etc.).<\/p>\r\n\r\n\r\n\r\n<p>Este es su estudio de dise\u00f1o gr\u00e1fico: <a href=\"http:\/\/www.vagoom.es\/\" target=\"_blank\" rel=\"noreferrer noopener\">Vagoom<\/a><\/p>\r\n","protected":false},"excerpt":{"rendered":"<p>El primer t\u00edtulo de la serie \u00abAdi\u00f3s a la Ansiedad\u00bb, Awake, Arise! or be forever fallen ya est\u00e1 disponible, por ahora solo en ingl\u00e9s, en Kobo y\u00a0Amazon Con este libro, el autor desea motivar a los lectores a ser ellos mismos, tomar las riendas de sus vidas y vivir una existencia deliberada, en lugar de<\/p>\n<p class=\"more-link\"><a href=\"https:\/\/vezendi.com\/es\/libros\/awake-arise-or-be-forever-fallen-lanzamiento-del-libro-el-23-de-septiembre\/\" class=\"themebutton\">Sigue leyendo<\/a><\/p>\n","protected":false},"author":1,"featured_media":6165,"parent":4762,"menu_order":0,"comment_status":"open","ping_status":"closed","template":"","meta":{"jetpack_post_was_ever_published":false,"footnotes":""},"class_list":["post-5278","page","type-page","status-publish","has-post-thumbnail","hentry"],"yoast_head":"<!-- This site is optimized with the Yoast SEO plugin v22.7 - https:\/\/yoast.com\/wordpress\/plugins\/seo\/ -->\n<title>AWAKE, ARISE, OR BE FOREVER FALLEN! - VEZENDI<\/title>\n<meta name=\"robots\" content=\"index, follow, max-snippet:-1, max-image-preview:large, max-video-preview:-1\" \/>\n<link rel=\"canonical\" href=\"https:\/\/vezendi.com\/es\/libros\/awake-arise-or-be-forever-fallen-lanzamiento-del-libro-el-23-de-septiembre\/\" \/>\n<meta property=\"og:locale\" content=\"es_ES\" \/>\n<meta property=\"og:type\" content=\"article\" \/>\n<meta property=\"og:title\" content=\"AWAKE, ARISE, OR BE FOREVER FALLEN! - VEZENDI\" \/>\n<meta property=\"og:description\" content=\"El primer t\u00edtulo de la serie \u00abAdi\u00f3s a la Ansiedad\u00bb, Awake, Arise! or be forever fallen ya est\u00e1 disponible, por ahora solo en ingl\u00e9s, en Kobo y\u00a0Amazon Con este libro, el autor desea motivar a los lectores a ser ellos mismos, tomar las riendas de sus vidas y vivir una existencia deliberada, en lugar deSigue leyendo\" \/>\n<meta property=\"og:url\" content=\"https:\/\/vezendi.com\/es\/libros\/awake-arise-or-be-forever-fallen-lanzamiento-del-libro-el-23-de-septiembre\/\" \/>\n<meta property=\"og:site_name\" content=\"VEZENDI\" \/>\n<meta property=\"article:publisher\" content=\"https:\/\/www.facebook.com\/VezendiBooks\" \/>\n<meta property=\"article:modified_time\" content=\"2020-10-17T15:04:32+00:00\" \/>\n<meta property=\"og:image\" content=\"https:\/\/i0.wp.com\/vezendi.com\/wp-content\/uploads\/2019\/09\/Awake-arise-or-be-forever-fallen-by-A.-Vezendi-2019_07_11-COVER.jpg?fit=1543%2C2469&ssl=1\" \/>\n\t<meta property=\"og:image:width\" content=\"1543\" \/>\n\t<meta property=\"og:image:height\" content=\"2469\" \/>\n\t<meta property=\"og:image:type\" content=\"image\/jpeg\" \/>\n<meta name=\"twitter:card\" content=\"summary_large_image\" \/>\n<meta name=\"twitter:site\" content=\"@AVezendi\" \/>\n<meta name=\"twitter:label1\" content=\"Tiempo de lectura\" \/>\n\t<meta name=\"twitter:data1\" content=\"3 minutos\" \/>\n<script type=\"application\/ld+json\" class=\"yoast-schema-graph\">{\"@context\":\"https:\/\/schema.org\",\"@graph\":[{\"@type\":\"WebPage\",\"@id\":\"https:\/\/vezendi.com\/es\/libros\/awake-arise-or-be-forever-fallen-lanzamiento-del-libro-el-23-de-septiembre\/\",\"url\":\"https:\/\/vezendi.com\/es\/libros\/awake-arise-or-be-forever-fallen-lanzamiento-del-libro-el-23-de-septiembre\/\",\"name\":\"AWAKE, ARISE, OR BE FOREVER FALLEN! - VEZENDI\",\"isPartOf\":{\"@id\":\"https:\/\/aliceblue-seahorse-584180.hostingersite.com\/#website\"},\"primaryImageOfPage\":{\"@id\":\"https:\/\/vezendi.com\/es\/libros\/awake-arise-or-be-forever-fallen-lanzamiento-del-libro-el-23-de-septiembre\/#primaryimage\"},\"image\":{\"@id\":\"https:\/\/vezendi.com\/es\/libros\/awake-arise-or-be-forever-fallen-lanzamiento-del-libro-el-23-de-septiembre\/#primaryimage\"},\"thumbnailUrl\":\"https:\/\/i0.wp.com\/vezendi.com\/wp-content\/uploads\/2019\/09\/Awake-arise-or-be-forever-fallen-by-A.-Vezendi-2019_07_11-COVER.jpg?fit=1543%2C2469&ssl=1\",\"datePublished\":\"2019-09-05T10:32:24+00:00\",\"dateModified\":\"2020-10-17T15:04:32+00:00\",\"breadcrumb\":{\"@id\":\"https:\/\/vezendi.com\/es\/libros\/awake-arise-or-be-forever-fallen-lanzamiento-del-libro-el-23-de-septiembre\/#breadcrumb\"},\"inLanguage\":\"es\",\"potentialAction\":[{\"@type\":\"ReadAction\",\"target\":[\"https:\/\/vezendi.com\/es\/libros\/awake-arise-or-be-forever-fallen-lanzamiento-del-libro-el-23-de-septiembre\/\"]}]},{\"@type\":\"ImageObject\",\"inLanguage\":\"es\",\"@id\":\"https:\/\/vezendi.com\/es\/libros\/awake-arise-or-be-forever-fallen-lanzamiento-del-libro-el-23-de-septiembre\/#primaryimage\",\"url\":\"https:\/\/i0.wp.com\/vezendi.com\/wp-content\/uploads\/2019\/09\/Awake-arise-or-be-forever-fallen-by-A.-Vezendi-2019_07_11-COVER.jpg?fit=1543%2C2469&ssl=1\",\"contentUrl\":\"https:\/\/i0.wp.com\/vezendi.com\/wp-content\/uploads\/2019\/09\/Awake-arise-or-be-forever-fallen-by-A.-Vezendi-2019_07_11-COVER.jpg?fit=1543%2C2469&ssl=1\",\"width\":1543,\"height\":2469,\"caption\":\"Awake, Arise, or Be Forever Fallen! - book cover\"},{\"@type\":\"BreadcrumbList\",\"@id\":\"https:\/\/vezendi.com\/es\/libros\/awake-arise-or-be-forever-fallen-lanzamiento-del-libro-el-23-de-septiembre\/#breadcrumb\",\"itemListElement\":[{\"@type\":\"ListItem\",\"position\":1,\"name\":\"Portada\",\"item\":\"https:\/\/aliceblue-seahorse-584180.hostingersite.com\/\"},{\"@type\":\"ListItem\",\"position\":2,\"name\":\"LIBROS\",\"item\":\"https:\/\/vezendi.com\/es\/libros\/\"},{\"@type\":\"ListItem\",\"position\":3,\"name\":\"AWAKE, ARISE, OR BE FOREVER FALLEN!\"}]},{\"@type\":\"WebSite\",\"@id\":\"https:\/\/aliceblue-seahorse-584180.hostingersite.com\/#website\",\"url\":\"https:\/\/aliceblue-seahorse-584180.hostingersite.com\/\",\"name\":\"VEZENDI\",\"description\":\"Share the freedom!\",\"potentialAction\":[{\"@type\":\"SearchAction\",\"target\":{\"@type\":\"EntryPoint\",\"urlTemplate\":\"https:\/\/aliceblue-seahorse-584180.hostingersite.com\/?s={search_term_string}\"},\"query-input\":\"required name=search_term_string\"}],\"inLanguage\":\"es\"}]}<\/script>\n<!-- \/ Yoast SEO plugin. -->","yoast_head_json":{"title":"AWAKE, ARISE, OR BE FOREVER FALLEN! - VEZENDI","robots":{"index":"index","follow":"follow","max-snippet":"max-snippet:-1","max-image-preview":"max-image-preview:large","max-video-preview":"max-video-preview:-1"},"canonical":"https:\/\/vezendi.com\/es\/libros\/awake-arise-or-be-forever-fallen-lanzamiento-del-libro-el-23-de-septiembre\/","og_locale":"es_ES","og_type":"article","og_title":"AWAKE, ARISE, OR BE FOREVER FALLEN! - VEZENDI","og_description":"El primer t\u00edtulo de la serie \u00abAdi\u00f3s a la Ansiedad\u00bb, Awake, Arise! or be forever fallen ya est\u00e1 disponible, por ahora solo en ingl\u00e9s, en Kobo y\u00a0Amazon Con este libro, el autor desea motivar a los lectores a ser ellos mismos, tomar las riendas de sus vidas y vivir una existencia deliberada, en lugar deSigue leyendo","og_url":"https:\/\/vezendi.com\/es\/libros\/awake-arise-or-be-forever-fallen-lanzamiento-del-libro-el-23-de-septiembre\/","og_site_name":"VEZENDI","article_publisher":"https:\/\/www.facebook.com\/VezendiBooks","article_modified_time":"2020-10-17T15:04:32+00:00","og_image":[{"width":1543,"height":2469,"url":"https:\/\/i0.wp.com\/vezendi.com\/wp-content\/uploads\/2019\/09\/Awake-arise-or-be-forever-fallen-by-A.-Vezendi-2019_07_11-COVER.jpg?fit=1543%2C2469&ssl=1","type":"image\/jpeg"}],"twitter_card":"summary_large_image","twitter_site":"@AVezendi","twitter_misc":{"Tiempo de lectura":"3 minutos"},"schema":{"@context":"https:\/\/schema.org","@graph":[{"@type":"WebPage","@id":"https:\/\/vezendi.com\/es\/libros\/awake-arise-or-be-forever-fallen-lanzamiento-del-libro-el-23-de-septiembre\/","url":"https:\/\/vezendi.com\/es\/libros\/awake-arise-or-be-forever-fallen-lanzamiento-del-libro-el-23-de-septiembre\/","name":"AWAKE, ARISE, OR BE FOREVER FALLEN! - VEZENDI","isPartOf":{"@id":"https:\/\/aliceblue-seahorse-584180.hostingersite.com\/#website"},"primaryImageOfPage":{"@id":"https:\/\/vezendi.com\/es\/libros\/awake-arise-or-be-forever-fallen-lanzamiento-del-libro-el-23-de-septiembre\/#primaryimage"},"image":{"@id":"https:\/\/vezendi.com\/es\/libros\/awake-arise-or-be-forever-fallen-lanzamiento-del-libro-el-23-de-septiembre\/#primaryimage"},"thumbnailUrl":"https:\/\/i0.wp.com\/vezendi.com\/wp-content\/uploads\/2019\/09\/Awake-arise-or-be-forever-fallen-by-A.-Vezendi-2019_07_11-COVER.jpg?fit=1543%2C2469&ssl=1","datePublished":"2019-09-05T10:32:24+00:00","dateModified":"2020-10-17T15:04:32+00:00","breadcrumb":{"@id":"https:\/\/vezendi.com\/es\/libros\/awake-arise-or-be-forever-fallen-lanzamiento-del-libro-el-23-de-septiembre\/#breadcrumb"},"inLanguage":"es","potentialAction":[{"@type":"ReadAction","target":["https:\/\/vezendi.com\/es\/libros\/awake-arise-or-be-forever-fallen-lanzamiento-del-libro-el-23-de-septiembre\/"]}]},{"@type":"ImageObject","inLanguage":"es","@id":"https:\/\/vezendi.com\/es\/libros\/awake-arise-or-be-forever-fallen-lanzamiento-del-libro-el-23-de-septiembre\/#primaryimage","url":"https:\/\/i0.wp.com\/vezendi.com\/wp-content\/uploads\/2019\/09\/Awake-arise-or-be-forever-fallen-by-A.-Vezendi-2019_07_11-COVER.jpg?fit=1543%2C2469&ssl=1","contentUrl":"https:\/\/i0.wp.com\/vezendi.com\/wp-content\/uploads\/2019\/09\/Awake-arise-or-be-forever-fallen-by-A.-Vezendi-2019_07_11-COVER.jpg?fit=1543%2C2469&ssl=1","width":1543,"height":2469,"caption":"Awake, Arise, or Be Forever Fallen! - book cover"},{"@type":"BreadcrumbList","@id":"https:\/\/vezendi.com\/es\/libros\/awake-arise-or-be-forever-fallen-lanzamiento-del-libro-el-23-de-septiembre\/#breadcrumb","itemListElement":[{"@type":"ListItem","position":1,"name":"Portada","item":"https:\/\/aliceblue-seahorse-584180.hostingersite.com\/"},{"@type":"ListItem","position":2,"name":"LIBROS","item":"https:\/\/vezendi.com\/es\/libros\/"},{"@type":"ListItem","position":3,"name":"AWAKE, ARISE, OR BE FOREVER FALLEN!"}]},{"@type":"WebSite","@id":"https:\/\/aliceblue-seahorse-584180.hostingersite.com\/#website","url":"https:\/\/aliceblue-seahorse-584180.hostingersite.com\/","name":"VEZENDI","description":"Share the freedom!","potentialAction":[{"@type":"SearchAction","target":{"@type":"EntryPoint","urlTemplate":"https:\/\/aliceblue-seahorse-584180.hostingersite.com\/?s={search_term_string}"},"query-input":"required name=search_term_string"}],"inLanguage":"es"}]}},"jetpack_sharing_enabled":true,"jetpack_shortlink":"https:\/\/wp.me\/ParTtp-1n8","_links":{"self":[{"href":"https:\/\/vezendi.com\/es\/wp-json\/wp\/v2\/pages\/5278","targetHints":{"allow":["GET"]}}],"collection":[{"href":"https:\/\/vezendi.com\/es\/wp-json\/wp\/v2\/pages"}],"about":[{"href":"https:\/\/vezendi.com\/es\/wp-json\/wp\/v2\/types\/page"}],"author":[{"embeddable":true,"href":"https:\/\/vezendi.com\/es\/wp-json\/wp\/v2\/users\/1"}],"replies":[{"embeddable":true,"href":"https:\/\/vezendi.com\/es\/wp-json\/wp\/v2\/comments?post=5278"}],"version-history":[{"count":21,"href":"https:\/\/vezendi.com\/es\/wp-json\/wp\/v2\/pages\/5278\/revisions"}],"predecessor-version":[{"id":13562,"href":"https:\/\/vezendi.com\/es\/wp-json\/wp\/v2\/pages\/5278\/revisions\/13562"}],"up":[{"embeddable":true,"href":"https:\/\/vezendi.com\/es\/wp-json\/wp\/v2\/pages\/4762"}],"wp:featuredmedia":[{"embeddable":true,"href":"https:\/\/vezendi.com\/es\/wp-json\/wp\/v2\/media\/6165"}],"wp:attachment":[{"href":"https:\/\/vezendi.com\/es\/wp-json\/wp\/v2\/media?parent=5278"}],"curies":[{"name":"wp","href":"https:\/\/api.w.org\/{rel}","templated":true}]}}